{"id":3779,"date":"2024-10-01T10:49:00","date_gmt":"2024-10-01T07:49:00","guid":{"rendered":"https:\/\/atabridge.com\/?page_id=3779"},"modified":"2024-11-12T11:27:40","modified_gmt":"2024-11-12T08:27:40","slug":"hakkimizda","status":"publish","type":"page","link":"https:\/\/atabridge.com\/?page_id=3779","title":{"rendered":"Hakk\u0131m\u0131zda"},"content":{"rendered":"\t\t<div data-elementor-type=\"wp-page\" data-elementor-id=\"3779\" class=\"elementor elementor-3779\">\n\t\t\t\t<div class=\"xts-negative-gap elementor-element elementor-element-ec52dce e-flex e-con-boxed xts-section-disabled e-con e-parent\" data-id=\"ec52dce\" data-element_type=\"container\">\n\t\t\t\t\t<div class=\"e-con-inner\">\n\t\t\t\t<div class=\"elementor-element elementor-element-7a9c3a2 xts-width-100 elementor-widget elementor-widget-xts_title\" data-id=\"7a9c3a2\" data-element_type=\"widget\" data-widget_type=\"xts_title.default\">\n\t\t\t\t<div class=\"elementor-widget-container\">\n\t\t\t\t\t\t\t\t<div class=\"xts-section-heading xts-reset-mb-10 xts-reset-last xts-textalign-center\" data-animation-delay=\"\">\n\t\t\t\t\n\t\t\t\t\t\t\t\t\t<h4 class=\"xts-section-title title xts-design-simple xts-fontsize-xxl\">\n\t\t\t\t\t\t<span class=\"xts-section-title-text\" data-elementor-setting-key=\"title\">\n\t\t\t\t\t\t\tD\u00fcnyaya A\u00e7\u0131lan Ticaret K\u00f6pr\u00fcn\u00fcz\t\t\t\t\t\t<\/span>\n\n\t\t\t\t\t\t\t\t\t\t\t\t\t<div class=\"xts-section-title-divider\"><\/div>\n\t\t\t\t\t\t\t\t\t\t\t<\/h4>\n\t\t\t\t\n\t\t\t\t\n\t\t\t\t\t\t\t\t\t<div class=\"xts-section-desc xts-fontsize-m\">\n\t\t\t\t\t\t<div class=\"xts-section-desc-text xts-reset-all-last\" data-elementor-setting-key=\"description\">\n\t\t\t\t\t\t\t<p>Ata Bridge'e ho\u015f geldiniz! Sizi d\u00fcnyaya a\u00e7\u0131lmak i\u00e7in global deneyimimizden faydalanmaya, k\u00fcresel pazarlara g\u00fc\u00e7l\u00fc ve g\u00fcvenilir bir i\u015f orta\u011f\u0131yla a\u00e7\u0131lmaya davet ediyoruz.<\/p>\t\t\t\t\t\t<\/div>\n\t\t\t\t\t<\/div>\n\t\t\t\t\t\t\t<\/div>\n\t\t\t\t\t\t<\/div>\n\t\t\t\t<\/div>\n\t\t\t\t\t<\/div>\n\t\t\t\t<\/div>\n\t\t<div class=\"xts-negative-gap elementor-element elementor-element-feebd0a e-flex e-con-boxed xts-section-disabled e-con e-parent\" data-id=\"feebd0a\" data-element_type=\"container\">\n\t\t\t\t\t<div class=\"e-con-inner\">\n\t\t\t\t<div class=\"elementor-element elementor-element-2f8259e elementor-widget elementor-widget-spacer\" data-id=\"2f8259e\" data-element_type=\"widget\" data-widget_type=\"spacer.default\">\n\t\t\t\t<div class=\"elementor-widget-container\">\n\t\t\t\t\t\t\t<div class=\"elementor-spacer\">\n\t\t\t<div class=\"elementor-spacer-inner\"><\/div>\n\t\t<\/div>\n\t\t\t\t\t\t<\/div>\n\t\t\t\t<\/div>\n\t\t\t\t\t<\/div>\n\t\t\t\t<\/div>\n\t\t<div class=\"xts-negative-gap elementor-element elementor-element-c7fb487 e-flex e-con-boxed xts-section-disabled e-con e-parent\" data-id=\"c7fb487\" data-element_type=\"container\" data-settings=\"{&quot;background_background&quot;:&quot;classic&quot;}\">\n\t\t\t\t\t<div class=\"e-con-inner\">\n\t\t<div class=\"elementor-element elementor-element-1097af5 e-con-full e-flex xts-section-disabled e-con e-child\" data-id=\"1097af5\" data-element_type=\"container\">\n\t\t\t\t<div class=\"elementor-element elementor-element-007eccb xts-width-100 elementor-widget elementor-widget-xts_title\" data-id=\"007eccb\" data-element_type=\"widget\" data-widget_type=\"xts_title.default\">\n\t\t\t\t<div class=\"elementor-widget-container\">\n\t\t\t\t\t\t\t\t<div class=\"xts-section-heading xts-reset-mb-10 xts-reset-last xts-textalign-left\" data-animation-delay=\"\">\n\t\t\t\t\t\t\t\t\t<div class=\"xts-section-subtitle xts-fontsize-s\">\n\t\t\t\t\t\t<span class=\"xts-section-subtitle-text\" data-elementor-setting-key=\"subtitle\">\n\t\t\t\t\t\t\tNeden AtaBridge? \t\t\t\t\t\t<\/span>\n\n\t\t\t\t\t\t\t\t\t\t\t<\/div>\n\t\t\t\t\n\t\t\t\t\t\t\t\t\t<h4 class=\"xts-section-title title xts-design-default xts-fontsize-l\">\n\t\t\t\t\t\t<span class=\"xts-section-title-text\" data-elementor-setting-key=\"title\">\n\t\t\t\t\t\t\tAta Bridge ile hatas\u0131z i\u015flemlerin rahatl\u0131\u011f\u0131ndan, kalite g\u00fcvencesinden ve teslimatlar\u0131n\u0131 zaman\u0131nda yapmaya kendisini adam\u0131\u015f bir ekibin uzmanl\u0131\u011f\u0131ndan faydalan\u0131n. K\u00fcresel pazarlara g\u00fc\u00e7l\u00fc bir i\u015f orta\u011f\u0131yla a\u00e7\u0131l\u0131n. G\u00fcvenle b\u00fcy\u00fcy\u00fcn.\t\t\t\t\t\t<\/span>\n\n\t\t\t\t\t\t\t\t\t\t\t<\/h4>\n\t\t\t\t\n\t\t\t\t\n\t\t\t\t\t\t\t<\/div>\n\t\t\t\t\t\t<\/div>\n\t\t\t\t<\/div>\n\t\t<div class=\"elementor-element elementor-element-097c113 e-con-full e-flex xts-section-disabled e-con e-child\" data-id=\"097c113\" data-element_type=\"container\">\n\t\t\t\t<div class=\"elementor-element elementor-element-5ea2235 elementor-widget elementor-widget-xts_infobox_carousel\" data-id=\"5ea2235\" data-element_type=\"widget\" data-widget_type=\"xts_infobox_carousel.default\">\n\t\t\t\t<div class=\"elementor-widget-container\">\n\t\t\t\t\t\n\t\t<div class=\"xts-infobox-carousel xts-row xts-row-md-2 xts-row-1 xts-row-spacing-20 xts-carousel xts-lib-swiper xts-init-on-scroll xts-dots- xts-arrows-vpos-sides xts-arrows-design-default xts-autoplay-animations-off\"  data-xts-carousel  data-carousel-args='{\"autoplay\":\"no\",\"autoplay_speed\":null,\"infinite_loop\":\"no\",\"center_mode\":\"no\",\"draggable\":\"yes\",\"auto_height\":\"no\",\"init_on_scroll\":\"yes\",\"dots\":\"no\",\"dots_color_scheme\":null,\"arrows\":\"yes\",\"arrows_horizontal_position\":\"\",\"arrows_color_scheme\":\"dark\",\"arrows_vertical_position\":\"sides\",\"arrows_design\":\"default\",\"parent\":\"\",\"center_mode_opacity\":\"no\",\"library\":\"swiper\",\"source\":\"\",\"carousel_items\":{\"unit\":\"px\",\"size\":2,\"sizes\":[]},\"carousel_items_tablet\":{\"size\":2},\"carousel_items_mobile\":{\"size\":1},\"carousel_spacing\":20,\"controls_id\":\"69e45e8a55f90\",\"sync\":\"disabled\",\"sync_parent_id\":null,\"sync_child_id\":null}' data-animation-delay=\"\">\n\t\t\t\t\t\t\t\n\t\t\t\t<div class=\"xts-col elementor-repeater-item-f4cff6a\">\n\t\t\t\t\t\n\t\t<div class=\"xts-infobox xts-textalign-center xts-icon-top\" onclick=\"\">\n\t\t\t\t\t\t\t<div class=\"xts-box-icon-wrapper\">\n\t\t\t\t\t<div class=\"xts-box-icon xts-type-text xts-size-m\">\n\t\t\t\t\t\t2500+\t\t\t\t\t<\/div>\n\t\t\t\t<\/div>\n\t\t\t\n\t\t\t<div class=\"xts-box-content xts-reset-mb-10 xts-reset-all-last\">\n\t\t\t\t\n\t\t\t\t\n\t\t\t\t\t\t\t\t\t<div class=\"xts-box-desc\" data-elementor-setting-key=\"content_repeater.0.description\">\n\t\t\t\t\t\tSat\u0131\u015f noktas\u0131\t\t\t\t\t<\/div>\n\t\t\t\t\n\t\t\t\t\t\t\t<\/div>\n\n\t\t\t\t\t\t\t<div class=\"xts-box-overlay xts-fill\"><\/div>\n\t\t\t\t\t<\/div>\n\n\t\t\t\t\t\t<\/div>\n\t\t\t\t\t\t\t\n\t\t\t\t<div class=\"xts-col elementor-repeater-item-f9fd2db\">\n\t\t\t\t\t\n\t\t<div class=\"xts-infobox xts-textalign-center xts-icon-top\" onclick=\"\">\n\t\t\t\t\t\t\t<div class=\"xts-box-icon-wrapper\">\n\t\t\t\t\t<div class=\"xts-box-icon xts-type-text xts-size-m\">\n\t\t\t\t\t\t20\t\t\t\t\t<\/div>\n\t\t\t\t<\/div>\n\t\t\t\n\t\t\t<div class=\"xts-box-content xts-reset-mb-10 xts-reset-all-last\">\n\t\t\t\t\n\t\t\t\t\n\t\t\t\t\t\t\t\t\t<div class=\"xts-box-desc\" data-elementor-setting-key=\"content_repeater.1.description\">\n\t\t\t\t\t\tLojistik merkezi\t\t\t\t\t<\/div>\n\t\t\t\t\n\t\t\t\t\t\t\t<\/div>\n\n\t\t\t\t\t\t\t<div class=\"xts-box-overlay xts-fill\"><\/div>\n\t\t\t\t\t<\/div>\n\n\t\t\t\t\t\t<\/div>\n\t\t\t\t\t<\/div>\n\n\t\t\t\t\t\t<\/div>\n\t\t\t\t<\/div>\n\t\t\t\t<\/div>\n\t\t\t\t<\/div>\n\t\t<div class=\"elementor-element elementor-element-f255e44 e-con-full e-flex xts-section-disabled e-con e-child\" data-id=\"f255e44\" data-element_type=\"container\">\n\t\t\t\t<div class=\"elementor-element elementor-element-d340f17 elementor-widget elementor-widget-image\" data-id=\"d340f17\" data-element_type=\"widget\" data-widget_type=\"image.default\">\n\t\t\t\t<div class=\"elementor-widget-container\">\n\t\t\t\t\t\t\t\t\t\t\t\t\t\t\t<img fetchpriority=\"high\" decoding=\"async\" width=\"1200\" height=\"900\" src=\"https:\/\/atabridge.com\/wp-content\/uploads\/2024\/10\/atabridge-hakkimizda.png\" class=\"attachment-large size-large wp-image-5376\" alt=\"\" \/>\t\t\t\t\t\t\t\t\t\t\t\t\t\t\t<\/div>\n\t\t\t\t<\/div>\n\t\t\t\t<\/div>\n\t\t\t\t\t<\/div>\n\t\t\t\t<\/div>\n\t\t<div class=\"xts-negative-gap elementor-element elementor-element-579522f e-flex e-con-boxed xts-section-disabled e-con e-parent\" data-id=\"579522f\" data-element_type=\"container\">\n\t\t\t\t\t<div class=\"e-con-inner\">\n\t\t\t\t\t<\/div>\n\t\t\t\t<\/div>\n\t\t<div class=\"xts-negative-gap elementor-element elementor-element-c5b097e e-flex e-con-boxed xts-section-disabled e-con e-parent\" data-id=\"c5b097e\" data-element_type=\"container\">\n\t\t\t\t\t<div class=\"e-con-inner\">\n\t\t<div class=\"elementor-element elementor-element-35fb603 e-con-full e-flex xts-section-disabled e-con e-child\" data-id=\"35fb603\" data-element_type=\"container\">\n\t\t<div class=\"elementor-element elementor-element-a3781e4 e-con-full e-flex xts-section-disabled e-con e-child\" data-id=\"a3781e4\" data-element_type=\"container\">\n\t\t\t\t<div class=\"elementor-element elementor-element-670d07e elementor-widget elementor-widget-xts_infobox\" data-id=\"670d07e\" data-element_type=\"widget\" data-widget_type=\"xts_infobox.default\">\n\t\t\t\t<div class=\"elementor-widget-container\">\n\t\t\t\t\t\n\t\t<div class=\"xts-infobox xts-textalign-left xts-icon-top\" onclick=\"\">\n\t\t\t\t\t\t\t<div class=\"xts-box-icon-wrapper\">\n\t\t\t\t\t<div class=\"xts-box-icon xts-type-icon xts-size-m\">\n\t\t\t\t\t\t<svg class=\"e-font-icon-svg e-far-eye\" viewBox=\"0 0 576 512\" xmlns=\"http:\/\/www.w3.org\/2000\/svg\"><path d=\"M288 144a110.94 110.94 0 0 0-31.24 5 55.4 55.4 0 0 1 7.24 27 56 56 0 0 1-56 56 55.4 55.4 0 0 1-27-7.24A111.71 111.71 0 1 0 288 144zm284.52 97.4C518.29 135.59 410.93 64 288 64S57.68 135.64 3.48 241.41a32.35 32.35 0 0 0 0 29.19C57.71 376.41 165.07 448 288 448s230.32-71.64 284.52-177.41a32.35 32.35 0 0 0 0-29.19zM288 400c-98.65 0-189.09-55-237.93-144C98.91 167 189.34 112 288 112s189.09 55 237.93 144C477.1 345 386.66 400 288 400z\"><\/path><\/svg>\t\t\t\t\t<\/div>\n\t\t\t\t<\/div>\n\t\t\t\n\t\t\t<div class=\"xts-box-content xts-reset-mb-10 xts-reset-all-last\">\n\t\t\t\t\n\t\t\t\t\t\t\t\t\t<h4 class=\"xts-box-title title xts-fontsize-m\" data-elementor-setting-key=\"title\">\n\t\t\t\t\t\tVizyonumuz\t\t\t\t\t<\/h4>\n\t\t\t\t\n\t\t\t\t\t\t\t\t\t<div class=\"xts-box-desc\" data-elementor-setting-key=\"description\">\n\t\t\t\t\t\tK\u00fcresel pazarlarla m\u00fc\u015fterilerimizin aras\u0131nda ger\u00e7ek anlamda bir k\u00f6pr\u00fc olmak.\t\t\t\t\t<\/div>\n\t\t\t\t\n\t\t\t\t\t\t\t<\/div>\n\n\t\t\t\t\t\t\t<div class=\"xts-box-overlay xts-fill\"><\/div>\n\t\t\t\t\t<\/div>\n\n\t\t\t\t\t\t<\/div>\n\t\t\t\t<\/div>\n\t\t\t\t<\/div>\n\t\t<div class=\"elementor-element elementor-element-a918d8d e-con-full e-flex xts-section-disabled e-con e-child\" data-id=\"a918d8d\" data-element_type=\"container\">\n\t\t\t\t<div class=\"elementor-element elementor-element-b10134f elementor-widget elementor-widget-xts_infobox\" data-id=\"b10134f\" data-element_type=\"widget\" data-widget_type=\"xts_infobox.default\">\n\t\t\t\t<div class=\"elementor-widget-container\">\n\t\t\t\t\t\n\t\t<div class=\"xts-infobox xts-textalign-left xts-icon-top\" onclick=\"\">\n\t\t\t\t\t\t\t<div class=\"xts-box-icon-wrapper\">\n\t\t\t\t\t<div class=\"xts-box-icon xts-type-icon xts-size-m\">\n\t\t\t\t\t\t<svg class=\"e-font-icon-svg e-fas-bullseye\" viewBox=\"0 0 496 512\" xmlns=\"http:\/\/www.w3.org\/2000\/svg\"><path d=\"M248 8C111.03 8 0 119.03 0 256s111.03 248 248 248 248-111.03 248-248S384.97 8 248 8zm0 432c-101.69 0-184-82.29-184-184 0-101.69 82.29-184 184-184 101.69 0 184 82.29 184 184 0 101.69-82.29 184-184 184zm0-312c-70.69 0-128 57.31-128 128s57.31 128 128 128 128-57.31 128-128-57.31-128-128-128zm0 192c-35.29 0-64-28.71-64-64s28.71-64 64-64 64 28.71 64 64-28.71 64-64 64z\"><\/path><\/svg>\t\t\t\t\t<\/div>\n\t\t\t\t<\/div>\n\t\t\t\n\t\t\t<div class=\"xts-box-content xts-reset-mb-10 xts-reset-all-last\">\n\t\t\t\t\n\t\t\t\t\t\t\t\t\t<h4 class=\"xts-box-title title xts-fontsize-m\" data-elementor-setting-key=\"title\">\n\t\t\t\t\t\tMisyonumuz\t\t\t\t\t<\/h4>\n\t\t\t\t\n\t\t\t\t\t\t\t\t\t<div class=\"xts-box-desc\" data-elementor-setting-key=\"description\">\n\t\t\t\t\t\t\u0130\u015f orta\u011f\u0131 ve m\u00fc\u015fterilerimizi global uzmanl\u0131\u011f\u0131m\u0131zdan faydaland\u0131rmak.\t\t\t\t\t<\/div>\n\t\t\t\t\n\t\t\t\t\t\t\t<\/div>\n\n\t\t\t\t\t\t\t<div class=\"xts-box-overlay xts-fill\"><\/div>\n\t\t\t\t\t<\/div>\n\n\t\t\t\t\t\t<\/div>\n\t\t\t\t<\/div>\n\t\t\t\t<\/div>\n\t\t<div class=\"elementor-element elementor-element-067f683 e-con-full e-flex xts-section-disabled e-con e-child\" data-id=\"067f683\" data-element_type=\"container\">\n\t\t\t\t<div class=\"elementor-element elementor-element-6a7ef1b elementor-widget elementor-widget-xts_infobox\" data-id=\"6a7ef1b\" data-element_type=\"widget\" data-widget_type=\"xts_infobox.default\">\n\t\t\t\t<div class=\"elementor-widget-container\">\n\t\t\t\t\t\n\t\t<div class=\"xts-infobox xts-textalign-left xts-icon-top\" onclick=\"\">\n\t\t\t\t\t\t\t<div class=\"xts-box-icon-wrapper\">\n\t\t\t\t\t<div class=\"xts-box-icon xts-type-icon xts-size-m\">\n\t\t\t\t\t\t<svg class=\"e-font-icon-svg e-fas-heart\" viewBox=\"0 0 512 512\" xmlns=\"http:\/\/www.w3.org\/2000\/svg\"><path d=\"M462.3 62.6C407.5 15.9 326 24.3 275.7 76.2L256 96.5l-19.7-20.3C186.1 24.3 104.5 15.9 49.7 62.6c-62.8 53.6-66.1 149.8-9.9 207.9l193.5 199.8c12.5 12.9 32.8 12.9 45.3 0l193.5-199.8c56.3-58.1 53-154.3-9.8-207.9z\"><\/path><\/svg>\t\t\t\t\t<\/div>\n\t\t\t\t<\/div>\n\t\t\t\n\t\t\t<div class=\"xts-box-content xts-reset-mb-10 xts-reset-all-last\">\n\t\t\t\t\n\t\t\t\t\t\t\t\t\t<h4 class=\"xts-box-title title xts-fontsize-m\" data-elementor-setting-key=\"title\">\n\t\t\t\t\t\tDe\u011ferlerimiz\t\t\t\t\t<\/h4>\n\t\t\t\t\n\t\t\t\t\t\t\t\t\t<div class=\"xts-box-desc\" data-elementor-setting-key=\"description\">\n\t\t\t\t\t\tHatas\u0131z i\u015flem, kalite g\u00fcvencesi ve zaman\u0131nda teslimat.\t\t\t\t\t<\/div>\n\t\t\t\t\n\t\t\t\t\t\t\t<\/div>\n\n\t\t\t\t\t\t\t<div class=\"xts-box-overlay xts-fill\"><\/div>\n\t\t\t\t\t<\/div>\n\n\t\t\t\t\t\t<\/div>\n\t\t\t\t<\/div>\n\t\t\t\t<\/div>\n\t\t\t\t<\/div>\n\t\t\t\t\t<\/div>\n\t\t\t\t<\/div>\n\t\t<div class=\"xts-negative-gap elementor-element elementor-element-50ff670 e-flex e-con-boxed xts-section-disabled e-con e-parent\" data-id=\"50ff670\" data-element_type=\"container\">\n\t\t\t\t\t<div class=\"e-con-inner\">\n\t\t\t\t<div class=\"elementor-element elementor-element-e138dde elementor-widget elementor-widget-spacer\" data-id=\"e138dde\" data-element_type=\"widget\" data-widget_type=\"spacer.default\">\n\t\t\t\t<div class=\"elementor-widget-container\">\n\t\t\t\t\t\t\t<div class=\"elementor-spacer\">\n\t\t\t<div class=\"elementor-spacer-inner\"><\/div>\n\t\t<\/div>\n\t\t\t\t\t\t<\/div>\n\t\t\t\t<\/div>\n\t\t\t\t\t<\/div>\n\t\t\t\t<\/div>\n\t\t<div class=\"xts-negative-gap elementor-element elementor-element-94d7f5f e-flex e-con-boxed xts-section-disabled e-con e-parent\" data-id=\"94d7f5f\" data-element_type=\"container\">\n\t\t\t\t\t<div class=\"e-con-inner\">\n\t\t\t\t<div class=\"elementor-element elementor-element-e302842 elementor-widget elementor-widget-heading\" data-id=\"e302842\" data-element_type=\"widget\" data-widget_type=\"heading.default\">\n\t\t\t\t<div class=\"elementor-widget-container\">\n\t\t\t\t\t<h2 class=\"elementor-heading-title elementor-size-default\">\u0130\u015f Ortaklar\u0131m\u0131zdan Baz\u0131lar\u0131<\/h2>\t\t\t\t<\/div>\n\t\t\t\t<\/div>\n\t\t\t\t\t<\/div>\n\t\t\t\t<\/div>\n\t\t<div class=\"xts-negative-gap elementor-element elementor-element-982dae2 e-flex e-con-boxed xts-section-disabled e-con e-parent\" data-id=\"982dae2\" data-element_type=\"container\">\n\t\t\t\t\t<div class=\"e-con-inner\">\n\t\t\t\t<div class=\"elementor-element elementor-element-af44eae elementor-widget-divider--view-line elementor-widget elementor-widget-divider\" data-id=\"af44eae\" data-element_type=\"widget\" data-widget_type=\"divider.default\">\n\t\t\t\t<div class=\"elementor-widget-container\">\n\t\t\t\t\t\t\t<div class=\"elementor-divider\">\n\t\t\t<span class=\"elementor-divider-separator\">\n\t\t\t\t\t\t<\/span>\n\t\t<\/div>\n\t\t\t\t\t\t<\/div>\n\t\t\t\t<\/div>\n\t\t\t\t\t<\/div>\n\t\t\t\t<\/div>\n\t\t<div class=\"xts-negative-gap elementor-element elementor-element-b982505 e-flex e-con-boxed xts-section-disabled e-con e-parent\" data-id=\"b982505\" data-element_type=\"container\">\n\t\t\t\t\t<div class=\"e-con-inner\">\n\t\t\t\t<div class=\"elementor-element elementor-element-a3bb8cc elementor-arrows-position-inside elementor-pagination-position-outside elementor-widget elementor-widget-image-carousel\" data-id=\"a3bb8cc\" data-element_type=\"widget\" data-settings=\"{&quot;slides_to_show&quot;:&quot;7&quot;,&quot;autoplay_speed&quot;:1000,&quot;image_spacing_custom&quot;:{&quot;unit&quot;:&quot;px&quot;,&quot;size&quot;:80,&quot;sizes&quot;:[]},&quot;navigation&quot;:&quot;both&quot;,&quot;autoplay&quot;:&quot;yes&quot;,&quot;pause_on_hover&quot;:&quot;yes&quot;,&quot;pause_on_interaction&quot;:&quot;yes&quot;,&quot;infinite&quot;:&quot;yes&quot;,&quot;speed&quot;:500,&quot;image_spacing_custom_tablet&quot;:{&quot;unit&quot;:&quot;px&quot;,&quot;size&quot;:&quot;&quot;,&quot;sizes&quot;:[]},&quot;image_spacing_custom_mobile&quot;:{&quot;unit&quot;:&quot;px&quot;,&quot;size&quot;:&quot;&quot;,&quot;sizes&quot;:[]}}\" data-widget_type=\"image-carousel.default\">\n\t\t\t\t<div class=\"elementor-widget-container\">\n\t\t\t\t\t\t\t<div class=\"elementor-image-carousel-wrapper swiper\" role=\"region\" aria-roledescription=\"carousel\" aria-label=\"Resim D\u00f6ng\u00fcs\u00fc\" dir=\"ltr\">\n\t\t\t<div class=\"elementor-image-carousel swiper-wrapper\" aria-live=\"off\">\n\t\t\t\t\t\t\t\t<div class=\"swiper-slide\" role=\"group\" aria-roledescription=\"slide\" aria-label=\"1 \/ 7\"><figure class=\"swiper-slide-inner\"><img decoding=\"async\" class=\"swiper-slide-image\" src=\"https:\/\/atabridge.com\/wp-content\/uploads\/2024\/09\/fasdat.png\" alt=\"fasdat\" \/><\/figure><\/div><div class=\"swiper-slide\" role=\"group\" aria-roledescription=\"slide\" aria-label=\"2 \/ 7\"><figure class=\"swiper-slide-inner\"><img decoding=\"async\" class=\"swiper-slide-image\" src=\"https:\/\/atabridge.com\/wp-content\/uploads\/2024\/09\/calve.png\" alt=\"calve\" \/><\/figure><\/div><div class=\"swiper-slide\" role=\"group\" aria-roledescription=\"slide\" aria-label=\"3 \/ 7\"><figure class=\"swiper-slide-inner\"><img decoding=\"async\" class=\"swiper-slide-image\" src=\"https:\/\/atabridge.com\/wp-content\/uploads\/2024\/09\/knorr.png\" alt=\"knorr\" \/><\/figure><\/div><div class=\"swiper-slide\" role=\"group\" aria-roledescription=\"slide\" aria-label=\"4 \/ 7\"><figure class=\"swiper-slide-inner\"><img decoding=\"async\" class=\"swiper-slide-image\" src=\"https:\/\/atabridge.com\/wp-content\/uploads\/2024\/09\/Hellmanns-Logo.png\" alt=\"Hellmanns-Logo\" \/><\/figure><\/div><div class=\"swiper-slide\" role=\"group\" aria-roledescription=\"slide\" aria-label=\"5 \/ 7\"><figure class=\"swiper-slide-inner\"><img decoding=\"async\" class=\"swiper-slide-image\" src=\"https:\/\/atabridge.com\/wp-content\/uploads\/2024\/09\/diversey.png\" alt=\"diversey\" \/><\/figure><\/div><div class=\"swiper-slide\" role=\"group\" aria-roledescription=\"slide\" aria-label=\"6 \/ 7\"><figure class=\"swiper-slide-inner\"><img decoding=\"async\" class=\"swiper-slide-image\" src=\"https:\/\/atabridge.com\/wp-content\/uploads\/2024\/09\/Lipton.logo_.png\" alt=\"Lipton.logo\" \/><\/figure><\/div><div class=\"swiper-slide\" role=\"group\" aria-roledescription=\"slide\" aria-label=\"7 \/ 7\"><figure class=\"swiper-slide-inner\"><img decoding=\"async\" class=\"swiper-slide-image\" src=\"https:\/\/atabridge.com\/wp-content\/uploads\/2024\/09\/rama.png\" alt=\"rama\" \/><\/figure><\/div>\t\t\t<\/div>\n\t\t\t\t\t\t\t\t\t\t\t\t<div class=\"elementor-swiper-button elementor-swiper-button-prev\" role=\"button\" tabindex=\"0\">\n\t\t\t\t\t\t<svg aria-hidden=\"true\" class=\"e-font-icon-svg e-eicon-chevron-left\" viewBox=\"0 0 1000 1000\" xmlns=\"http:\/\/www.w3.org\/2000\/svg\"><path d=\"M646 125C629 125 613 133 604 142L308 442C296 454 292 471 292 487 292 504 296 521 308 533L604 854C617 867 629 875 646 875 663 875 679 871 692 858 704 846 713 829 713 812 713 796 708 779 692 767L438 487 692 225C700 217 708 204 708 187 708 171 704 154 692 142 675 129 663 125 646 125Z\"><\/path><\/svg>\t\t\t\t\t<\/div>\n\t\t\t\t\t<div class=\"elementor-swiper-button elementor-swiper-button-next\" role=\"button\" tabindex=\"0\">\n\t\t\t\t\t\t<svg aria-hidden=\"true\" class=\"e-font-icon-svg e-eicon-chevron-right\" viewBox=\"0 0 1000 1000\" xmlns=\"http:\/\/www.w3.org\/2000\/svg\"><path d=\"M696 533C708 521 713 504 713 487 713 471 708 454 696 446L400 146C388 133 375 125 354 125 338 125 325 129 313 142 300 154 292 171 292 187 292 204 296 221 308 233L563 492 304 771C292 783 288 800 288 817 288 833 296 850 308 863 321 871 338 875 354 875 371 875 388 867 400 854L696 533Z\"><\/path><\/svg>\t\t\t\t\t<\/div>\n\t\t\t\t\n\t\t\t\t\t\t\t\t\t<div class=\"swiper-pagination\"><\/div>\n\t\t\t\t\t\t\t\t\t<\/div>\n\t\t\t\t\t\t<\/div>\n\t\t\t\t<\/div>\n\t\t\t\t\t<\/div>\n\t\t\t\t<\/div>\n\t\t<div class=\"xts-negative-gap elementor-element elementor-element-95342ea e-flex e-con-boxed xts-section-disabled e-con e-parent\" data-id=\"95342ea\" data-element_type=\"container\">\n\t\t\t\t\t<div class=\"e-con-inner\">\n\t\t\t\t<div class=\"elementor-element elementor-element-cfa8068 elementor-widget-divider--view-line elementor-widget elementor-widget-divider\" data-id=\"cfa8068\" data-element_type=\"widget\" data-widget_type=\"divider.default\">\n\t\t\t\t<div class=\"elementor-widget-container\">\n\t\t\t\t\t\t\t<div class=\"elementor-divider\">\n\t\t\t<span class=\"elementor-divider-separator\">\n\t\t\t\t\t\t<\/span>\n\t\t<\/div>\n\t\t\t\t\t\t<\/div>\n\t\t\t\t<\/div>\n\t\t\t\t\t<\/div>\n\t\t\t\t<\/div>\n\t\t\t\t<\/div>\n\t\t","protected":false},"excerpt":{"rendered":"<p>D\u00fcnyaya A\u00e7\u0131lan Ticaret K\u00f6pr\u00fcn\u00fcz Ata Bridge&#8217;e ho\u015f geldiniz! Sizi d\u00fcnyaya a\u00e7\u0131lmak i\u00e7in global deneyimimizden faydalanmaya, k\u00fcresel pazarlara g\u00fc\u00e7l\u00fc ve g\u00fcvenilir bir i\u015f orta\u011f\u0131yla a\u00e7\u0131lmaya davet ediyoruz. Neden AtaBridge? Ata Bridge ile hatas\u0131z i\u015flemlerin rahatl\u0131\u011f\u0131ndan, kalite g\u00fcvencesinden ve teslimatlar\u0131n\u0131 zaman\u0131nda yapmaya kendisini adam\u0131\u015f bir ekibin uzmanl\u0131\u011f\u0131ndan faydalan\u0131n. K\u00fcresel pazarlara g\u00fc\u00e7l\u00fc bir i\u015f orta\u011f\u0131yla a\u00e7\u0131l\u0131n. G\u00fcvenle b\u00fcy\u00fcy\u00fcn. [&hellip;]<\/p>\n","protected":false},"author":2,"featured_media":0,"parent":0,"menu_order":0,"comment_status":"closed","ping_status":"closed","template":"","meta":{"footnotes":""},"class_list":["post-3779","page","type-page","status-publish","hentry"],"_links":{"self":[{"href":"https:\/\/atabridge.com\/index.php?rest_route=\/wp\/v2\/pages\/3779","targetHints":{"allow":["GET"]}}],"collection":[{"href":"https:\/\/atabridge.com\/index.php?rest_route=\/wp\/v2\/pages"}],"about":[{"href":"https:\/\/atabridge.com\/index.php?rest_route=\/wp\/v2\/types\/page"}],"author":[{"embeddable":true,"href":"https:\/\/atabridge.com\/index.php?rest_route=\/wp\/v2\/users\/2"}],"replies":[{"embeddable":true,"href":"https:\/\/atabridge.com\/index.php?rest_route=%2Fwp%2Fv2%2Fcomments&post=3779"}],"version-history":[{"count":77,"href":"https:\/\/atabridge.com\/index.php?rest_route=\/wp\/v2\/pages\/3779\/revisions"}],"predecessor-version":[{"id":6567,"href":"https:\/\/atabridge.com\/index.php?rest_route=\/wp\/v2\/pages\/3779\/revisions\/6567"}],"wp:attachment":[{"href":"https:\/\/atabridge.com\/index.php?rest_route=%2Fwp%2Fv2%2Fmedia&parent=3779"}],"curies":[{"name":"wp","href":"https:\/\/api.w.org\/{rel}","templated":true}]}}