{"id":49,"date":"2024-09-16T11:30:03","date_gmt":"2024-09-16T08:30:03","guid":{"rendered":"https:\/\/atabridge.com\/?page_id=49"},"modified":"2024-10-24T07:37:45","modified_gmt":"2024-10-24T04:37:45","slug":"toptan-satis","status":"publish","type":"page","link":"https:\/\/atabridge.com\/?page_id=49","title":{"rendered":"Toptan Sat\u0131\u015f"},"content":{"rendered":"\t\t<div data-elementor-type=\"wp-page\" data-elementor-id=\"49\" class=\"elementor elementor-49\">\n\t\t\t\t<div class=\"xts-negative-gap elementor-element elementor-element-1aa6a6d e-flex e-con-boxed xts-section-disabled e-con e-parent\" data-id=\"1aa6a6d\" data-element_type=\"container\">\n\t\t\t\t\t<div class=\"e-con-inner\">\n\t\t<div class=\"elementor-element elementor-element-748e2d7 e-con-full e-flex xts-section-disabled e-con e-child\" data-id=\"748e2d7\" data-element_type=\"container\">\n\t\t\t\t<div class=\"elementor-element elementor-element-2a91588 xts-width-100 elementor-widget elementor-widget-xts_title\" data-id=\"2a91588\" data-element_type=\"widget\" data-widget_type=\"xts_title.default\">\n\t\t\t\t<div class=\"elementor-widget-container\">\n\t\t\t\t\t\t\t\t<div class=\"xts-section-heading xts-reset-mb-10 xts-reset-last xts-textalign-center\" data-animation-delay=\"\">\n\t\t\t\t\n\t\t\t\t\t\t\t\t\t<h4 class=\"xts-section-title title xts-design-default xts-fontsize-xxl\">\n\t\t\t\t\t\t<span class=\"xts-section-title-text\" data-elementor-setting-key=\"title\">\n\t\t\t\t\t\t\t\u0130\u015f ortaklar\u0131m\u0131zla kalite ve fiyat avantaj\u0131\t\t\t\t\t\t<\/span>\n\n\t\t\t\t\t\t\t\t\t\t\t<\/h4>\n\t\t\t\t\n\t\t\t\t\n\t\t\t\t\t\t\t\t\t<div class=\"xts-section-desc xts-fontsize-m\">\n\t\t\t\t\t\t<div class=\"xts-section-desc-text xts-reset-all-last\" data-elementor-setting-key=\"description\">\n\t\t\t\t\t\t\t<div class=\"flex-1 overflow-hidden\"><div class=\"h-full\"><div class=\"react-scroll-to-bottom--css-cwkdg-79elbk h-full\"><div class=\"react-scroll-to-bottom--css-cwkdg-1n7m0yu\"><div class=\"flex flex-col text-sm md:pb-9\"><article class=\"w-full text-token-text-primary focus-visible:outline-2 focus-visible:outline-offset-[-4px]\" dir=\"auto\" data-testid=\"conversation-turn-9\" data-scroll-anchor=\"true\"><div class=\"m-auto text-base py-[18px] px-3 md:px-4 w-full md:px-5 lg:px-4 xl:px-5\"><div class=\"mx-auto flex flex-1 gap-4 text-base md:gap-5 lg:gap-6 md:max-w-3xl lg:max-w-[40rem] xl:max-w-[48rem]\"><div class=\"group\/conversation-turn relative flex w-full min-w-0 flex-col agent-turn\"><div class=\"flex-col gap-1 md:gap-3\"><div class=\"flex max-w-full flex-col flex-grow\"><div class=\"min-h-8 text-message flex w-full flex-col items-end gap-2 whitespace-normal break-words [.text-message+&amp;]:mt-5\" dir=\"auto\" data-message-author-role=\"assistant\" data-message-id=\"143da5cc-a49d-45b6-ae7b-7979808134be\" data-message-model-slug=\"gpt-4o\"><div class=\"flex w-full flex-col gap-1 empty:hidden first:pt-[3px]\"><div class=\"result-streaming markdown prose w-full break-words dark:prose-invert light\"><p>Marka ve i\u015f ortaklar\u0131m\u0131z\u0131n sundu\u011fu kalite ve fiyat avantajlar\u0131yla i\u015f s\u00fcre\u00e7lerinizi optimize edin. Rekabet\u00e7i fiyatlarla en uygun \u00e7\u00f6z\u00fcmleri sunarak, i\u015f hedeflerinize ula\u015fman\u0131za destek oluyoruz.<\/p><\/div><\/div><\/div><\/div><\/div><\/div><\/div><\/div><\/article><\/div><\/div><\/div><\/div><\/div>\t\t\t\t\t\t<\/div>\n\t\t\t\t\t<\/div>\n\t\t\t\t\t\t\t<\/div>\n\t\t\t\t\t\t<\/div>\n\t\t\t\t<\/div>\n\t\t\t\t<\/div>\n\t\t\t\t\t<\/div>\n\t\t\t\t<\/div>\n\t\t<div class=\"xts-negative-gap elementor-element elementor-element-963a7b9 e-flex e-con-boxed xts-section-disabled e-con e-parent\" data-id=\"963a7b9\" data-element_type=\"container\">\n\t\t\t\t\t<div class=\"e-con-inner\">\n\t\t\t\t<div class=\"elementor-element elementor-element-24eb2de elementor-widget elementor-widget-spacer\" data-id=\"24eb2de\" data-element_type=\"widget\" data-widget_type=\"spacer.default\">\n\t\t\t\t<div class=\"elementor-widget-container\">\n\t\t\t\t\t\t\t<div class=\"elementor-spacer\">\n\t\t\t<div class=\"elementor-spacer-inner\"><\/div>\n\t\t<\/div>\n\t\t\t\t\t\t<\/div>\n\t\t\t\t<\/div>\n\t\t\t\t\t<\/div>\n\t\t\t\t<\/div>\n\t\t<div class=\"xts-negative-gap elementor-element elementor-element-2d2c847 e-flex e-con-boxed xts-section-disabled e-con e-parent\" data-id=\"2d2c847\" data-element_type=\"container\">\n\t\t\t\t\t<div class=\"e-con-inner\">\n\t\t\t\t<div class=\"elementor-element elementor-element-9f7d014 elementor-widget elementor-widget-heading\" data-id=\"9f7d014\" data-element_type=\"widget\" data-widget_type=\"heading.default\">\n\t\t\t\t<div class=\"elementor-widget-container\">\n\t\t\t\t\t<h3 class=\"elementor-heading-title elementor-size-default\">Markalar<\/h3>\t\t\t\t<\/div>\n\t\t\t\t<\/div>\n\t\t\t\t\t<\/div>\n\t\t\t\t<\/div>\n\t\t<div class=\"xts-negative-gap elementor-element elementor-element-e1a5ae7 e-flex e-con-boxed xts-section-disabled e-con e-parent\" data-id=\"e1a5ae7\" data-element_type=\"container\">\n\t\t\t\t\t<div class=\"e-con-inner\">\n\t\t\t\t<div class=\"elementor-element elementor-element-0ae3798 elementor-widget elementor-widget-spacer\" data-id=\"0ae3798\" data-element_type=\"widget\" data-widget_type=\"spacer.default\">\n\t\t\t\t<div class=\"elementor-widget-container\">\n\t\t\t\t\t\t\t<div class=\"elementor-spacer\">\n\t\t\t<div class=\"elementor-spacer-inner\"><\/div>\n\t\t<\/div>\n\t\t\t\t\t\t<\/div>\n\t\t\t\t<\/div>\n\t\t\t\t\t<\/div>\n\t\t\t\t<\/div>\n\t\t<div class=\"xts-negative-gap elementor-element elementor-element-0606589 e-flex e-con-boxed xts-section-disabled e-con e-parent\" data-id=\"0606589\" data-element_type=\"container\">\n\t\t\t\t\t<div class=\"e-con-inner\">\n\t\t<div class=\"elementor-element elementor-element-33852df e-con-full e-flex xts-section-disabled e-con e-child\" data-id=\"33852df\" data-element_type=\"container\">\n\t\t\t\t<div class=\"elementor-element elementor-element-0fff7ad elementor-widget elementor-widget-image\" data-id=\"0fff7ad\" data-element_type=\"widget\" data-widget_type=\"image.default\">\n\t\t\t\t<div class=\"elementor-widget-container\">\n\t\t\t\t\t\t\t\t\t\t\t\t\t\t\t<img decoding=\"async\" width=\"150\" height=\"150\" src=\"https:\/\/atabridge.com\/wp-content\/uploads\/2024\/09\/milgo.png\" class=\"attachment-thumbnail size-thumbnail wp-image-127\" alt=\"\" \/>\t\t\t\t\t\t\t\t\t\t\t\t\t\t\t<\/div>\n\t\t\t\t<\/div>\n\t\t\t\t<\/div>\n\t\t<div class=\"elementor-element elementor-element-f152212 e-con-full e-flex xts-section-disabled e-con e-child\" data-id=\"f152212\" data-element_type=\"container\">\n\t\t\t\t<div class=\"elementor-element elementor-element-397e44c elementor-widget elementor-widget-image\" data-id=\"397e44c\" data-element_type=\"widget\" data-widget_type=\"image.default\">\n\t\t\t\t<div class=\"elementor-widget-container\">\n\t\t\t\t\t\t\t\t\t\t\t\t\t\t\t<img decoding=\"async\" width=\"150\" height=\"150\" src=\"https:\/\/atabridge.com\/wp-content\/uploads\/2024\/09\/amasya-et-urunleri.png\" class=\"attachment-thumbnail size-thumbnail wp-image-116\" alt=\"\" \/>\t\t\t\t\t\t\t\t\t\t\t\t\t\t\t<\/div>\n\t\t\t\t<\/div>\n\t\t\t\t<\/div>\n\t\t<div class=\"elementor-element elementor-element-4e3c4b8 e-con-full e-flex xts-section-disabled e-con e-child\" data-id=\"4e3c4b8\" data-element_type=\"container\">\n\t\t\t\t<div class=\"elementor-element elementor-element-3612a19 elementor-widget elementor-widget-image\" data-id=\"3612a19\" data-element_type=\"widget\" data-widget_type=\"image.default\">\n\t\t\t\t<div class=\"elementor-widget-container\">\n\t\t\t\t\t\t\t\t\t\t\t\t\t\t\t<img decoding=\"async\" width=\"150\" height=\"150\" src=\"https:\/\/atabridge.com\/wp-content\/uploads\/2024\/09\/AtaKey.png\" class=\"attachment-thumbnail size-thumbnail wp-image-117\" alt=\"\" \/>\t\t\t\t\t\t\t\t\t\t\t\t\t\t\t<\/div>\n\t\t\t\t<\/div>\n\t\t\t\t<\/div>\n\t\t<div class=\"elementor-element elementor-element-434f13e e-con-full e-flex xts-section-disabled e-con e-child\" data-id=\"434f13e\" data-element_type=\"container\">\n\t\t\t\t<div class=\"elementor-element elementor-element-99d9d4b elementor-widget elementor-widget-image\" data-id=\"99d9d4b\" data-element_type=\"widget\" data-widget_type=\"image.default\">\n\t\t\t\t<div class=\"elementor-widget-container\">\n\t\t\t\t\t\t\t\t\t\t\t\t\t\t\t<img loading=\"lazy\" decoding=\"async\" width=\"150\" height=\"150\" src=\"https:\/\/atabridge.com\/wp-content\/uploads\/2024\/09\/KINIK.png\" class=\"attachment-thumbnail size-thumbnail wp-image-124\" alt=\"\" \/>\t\t\t\t\t\t\t\t\t\t\t\t\t\t\t<\/div>\n\t\t\t\t<\/div>\n\t\t\t\t<\/div>\n\t\t<div class=\"elementor-element elementor-element-fd5478c e-con-full e-flex xts-section-disabled e-con e-child\" data-id=\"fd5478c\" data-element_type=\"container\">\n\t\t\t\t<div class=\"elementor-element elementor-element-ce32494 elementor-widget elementor-widget-image\" data-id=\"ce32494\" data-element_type=\"widget\" data-widget_type=\"image.default\">\n\t\t\t\t<div class=\"elementor-widget-container\">\n\t\t\t\t\t\t\t\t\t\t\t\t\t\t\t<img loading=\"lazy\" decoding=\"async\" width=\"150\" height=\"150\" src=\"https:\/\/atabridge.com\/wp-content\/uploads\/2024\/09\/Entegre.png\" class=\"attachment-thumbnail size-thumbnail wp-image-121\" alt=\"\" \/>\t\t\t\t\t\t\t\t\t\t\t\t\t\t\t<\/div>\n\t\t\t\t<\/div>\n\t\t\t\t<\/div>\n\t\t\t\t\t<\/div>\n\t\t\t\t<\/div>\n\t\t<div class=\"xts-negative-gap elementor-element elementor-element-28453af e-flex e-con-boxed xts-section-disabled e-con e-parent\" data-id=\"28453af\" data-element_type=\"container\">\n\t\t\t\t\t<div class=\"e-con-inner\">\n\t\t\t\t<div class=\"elementor-element elementor-element-2ae142e elementor-widget-divider--view-line elementor-widget elementor-widget-divider\" data-id=\"2ae142e\" data-element_type=\"widget\" data-widget_type=\"divider.default\">\n\t\t\t\t<div class=\"elementor-widget-container\">\n\t\t\t\t\t\t\t<div class=\"elementor-divider\">\n\t\t\t<span class=\"elementor-divider-separator\">\n\t\t\t\t\t\t<\/span>\n\t\t<\/div>\n\t\t\t\t\t\t<\/div>\n\t\t\t\t<\/div>\n\t\t\t\t<div class=\"elementor-element elementor-element-c8831a1 elementor-widget elementor-widget-spacer\" data-id=\"c8831a1\" data-element_type=\"widget\" data-widget_type=\"spacer.default\">\n\t\t\t\t<div class=\"elementor-widget-container\">\n\t\t\t\t\t\t\t<div class=\"elementor-spacer\">\n\t\t\t<div class=\"elementor-spacer-inner\"><\/div>\n\t\t<\/div>\n\t\t\t\t\t\t<\/div>\n\t\t\t\t<\/div>\n\t\t\t\t\t<\/div>\n\t\t\t\t<\/div>\n\t\t<div class=\"xts-negative-gap elementor-element elementor-element-86d8555 e-flex e-con-boxed xts-section-disabled e-con e-parent\" data-id=\"86d8555\" data-element_type=\"container\">\n\t\t\t\t\t<div class=\"e-con-inner\">\n\t\t\t\t<div class=\"elementor-element elementor-element-e72f12b elementor-widget elementor-widget-heading\" data-id=\"e72f12b\" data-element_type=\"widget\" data-widget_type=\"heading.default\">\n\t\t\t\t<div class=\"elementor-widget-container\">\n\t\t\t\t\t<h3 class=\"elementor-heading-title elementor-size-default\">Partner Markalar<\/h3>\t\t\t\t<\/div>\n\t\t\t\t<\/div>\n\t\t\t\t\t<\/div>\n\t\t\t\t<\/div>\n\t\t<div class=\"xts-negative-gap elementor-element elementor-element-84ce494 e-flex e-con-boxed xts-section-disabled e-con e-parent\" data-id=\"84ce494\" data-element_type=\"container\">\n\t\t\t\t\t<div class=\"e-con-inner\">\n\t\t\t\t<div class=\"elementor-element elementor-element-c7fdf4d elementor-widget elementor-widget-spacer\" data-id=\"c7fdf4d\" data-element_type=\"widget\" data-widget_type=\"spacer.default\">\n\t\t\t\t<div class=\"elementor-widget-container\">\n\t\t\t\t\t\t\t<div class=\"elementor-spacer\">\n\t\t\t<div class=\"elementor-spacer-inner\"><\/div>\n\t\t<\/div>\n\t\t\t\t\t\t<\/div>\n\t\t\t\t<\/div>\n\t\t\t\t\t<\/div>\n\t\t\t\t<\/div>\n\t\t<div class=\"xts-negative-gap elementor-element elementor-element-63dd112 e-flex e-con-boxed xts-section-disabled e-con e-parent\" data-id=\"63dd112\" data-element_type=\"container\">\n\t\t\t\t\t<div class=\"e-con-inner\">\n\t\t<div class=\"elementor-element elementor-element-0cc3197 e-con-full e-flex xts-section-disabled e-con e-child\" data-id=\"0cc3197\" data-element_type=\"container\">\n\t\t\t\t<div class=\"elementor-element elementor-element-38566ea elementor-widget elementor-widget-image\" data-id=\"38566ea\" data-element_type=\"widget\" data-widget_type=\"image.default\">\n\t\t\t\t<div class=\"elementor-widget-container\">\n\t\t\t\t\t\t\t\t\t\t\t\t\t\t\t<img loading=\"lazy\" decoding=\"async\" width=\"150\" height=\"150\" src=\"https:\/\/atabridge.com\/wp-content\/uploads\/2024\/09\/fasdat.png\" class=\"attachment-thumbnail size-thumbnail wp-image-122\" alt=\"\" \/>\t\t\t\t\t\t\t\t\t\t\t\t\t\t\t<\/div>\n\t\t\t\t<\/div>\n\t\t\t\t<\/div>\n\t\t<div class=\"elementor-element elementor-element-e8c71fb e-con-full e-flex xts-section-disabled e-con e-child\" data-id=\"e8c71fb\" data-element_type=\"container\">\n\t\t\t\t<div class=\"elementor-element elementor-element-a04dc0e elementor-widget elementor-widget-image\" data-id=\"a04dc0e\" data-element_type=\"widget\" data-widget_type=\"image.default\">\n\t\t\t\t<div class=\"elementor-widget-container\">\n\t\t\t\t\t\t\t\t\t\t\t\t\t\t\t<img loading=\"lazy\" decoding=\"async\" width=\"150\" height=\"150\" src=\"https:\/\/atabridge.com\/wp-content\/uploads\/2024\/09\/calve.png\" class=\"attachment-thumbnail size-thumbnail wp-image-119\" alt=\"\" \/>\t\t\t\t\t\t\t\t\t\t\t\t\t\t\t<\/div>\n\t\t\t\t<\/div>\n\t\t\t\t<\/div>\n\t\t<div class=\"elementor-element elementor-element-80b6659 e-con-full e-flex xts-section-disabled e-con e-child\" data-id=\"80b6659\" data-element_type=\"container\">\n\t\t\t\t<div class=\"elementor-element elementor-element-f98af5b elementor-widget elementor-widget-image\" data-id=\"f98af5b\" data-element_type=\"widget\" data-widget_type=\"image.default\">\n\t\t\t\t<div class=\"elementor-widget-container\">\n\t\t\t\t\t\t\t\t\t\t\t\t\t\t\t<img loading=\"lazy\" decoding=\"async\" width=\"150\" height=\"150\" src=\"https:\/\/atabridge.com\/wp-content\/uploads\/2024\/09\/knorr.png\" class=\"attachment-thumbnail size-thumbnail wp-image-125\" alt=\"\" \/>\t\t\t\t\t\t\t\t\t\t\t\t\t\t\t<\/div>\n\t\t\t\t<\/div>\n\t\t\t\t<\/div>\n\t\t<div class=\"elementor-element elementor-element-2bc2cca e-con-full e-flex xts-section-disabled e-con e-child\" data-id=\"2bc2cca\" data-element_type=\"container\">\n\t\t\t\t<div class=\"elementor-element elementor-element-60ea676 elementor-widget elementor-widget-image\" data-id=\"60ea676\" data-element_type=\"widget\" data-widget_type=\"image.default\">\n\t\t\t\t<div class=\"elementor-widget-container\">\n\t\t\t\t\t\t\t\t\t\t\t\t\t\t\t<img loading=\"lazy\" decoding=\"async\" width=\"150\" height=\"150\" src=\"https:\/\/atabridge.com\/wp-content\/uploads\/2024\/09\/Hellmanns-Logo.png\" class=\"attachment-thumbnail size-thumbnail wp-image-123\" alt=\"\" \/>\t\t\t\t\t\t\t\t\t\t\t\t\t\t\t<\/div>\n\t\t\t\t<\/div>\n\t\t\t\t<\/div>\n\t\t<div class=\"elementor-element elementor-element-3e54c6e e-con-full e-flex xts-section-disabled e-con e-child\" data-id=\"3e54c6e\" data-element_type=\"container\">\n\t\t\t\t<div class=\"elementor-element elementor-element-4f2dde2 elementor-widget elementor-widget-image\" data-id=\"4f2dde2\" data-element_type=\"widget\" data-widget_type=\"image.default\">\n\t\t\t\t<div class=\"elementor-widget-container\">\n\t\t\t\t\t\t\t\t\t\t\t\t\t\t\t<img loading=\"lazy\" decoding=\"async\" width=\"150\" height=\"150\" src=\"https:\/\/atabridge.com\/wp-content\/uploads\/2024\/09\/diversey.png\" class=\"attachment-thumbnail size-thumbnail wp-image-120\" alt=\"\" \/>\t\t\t\t\t\t\t\t\t\t\t\t\t\t\t<\/div>\n\t\t\t\t<\/div>\n\t\t\t\t<\/div>\n\t\t<div class=\"elementor-element elementor-element-a1518c0 e-con-full e-flex xts-section-disabled e-con e-child\" data-id=\"a1518c0\" data-element_type=\"container\">\n\t\t\t\t<div class=\"elementor-element elementor-element-bf6de1c elementor-widget elementor-widget-image\" data-id=\"bf6de1c\" data-element_type=\"widget\" data-widget_type=\"image.default\">\n\t\t\t\t<div class=\"elementor-widget-container\">\n\t\t\t\t\t\t\t\t\t\t\t\t\t\t\t<img loading=\"lazy\" decoding=\"async\" width=\"150\" height=\"150\" src=\"https:\/\/atabridge.com\/wp-content\/uploads\/2024\/09\/Lipton.logo_.png\" class=\"attachment-thumbnail size-thumbnail wp-image-126\" alt=\"\" \/>\t\t\t\t\t\t\t\t\t\t\t\t\t\t\t<\/div>\n\t\t\t\t<\/div>\n\t\t\t\t<\/div>\n\t\t<div class=\"elementor-element elementor-element-eb91b4b e-con-full e-flex xts-section-disabled e-con e-child\" data-id=\"eb91b4b\" data-element_type=\"container\">\n\t\t\t\t<div class=\"elementor-element elementor-element-4e6dbd5 elementor-widget elementor-widget-image\" data-id=\"4e6dbd5\" data-element_type=\"widget\" data-widget_type=\"image.default\">\n\t\t\t\t<div class=\"elementor-widget-container\">\n\t\t\t\t\t\t\t\t\t\t\t\t\t\t\t<img loading=\"lazy\" decoding=\"async\" width=\"150\" height=\"150\" src=\"https:\/\/atabridge.com\/wp-content\/uploads\/2024\/09\/rama.png\" class=\"attachment-thumbnail size-thumbnail wp-image-115\" alt=\"\" \/>\t\t\t\t\t\t\t\t\t\t\t\t\t\t\t<\/div>\n\t\t\t\t<\/div>\n\t\t\t\t<\/div>\n\t\t\t\t\t<\/div>\n\t\t\t\t<\/div>\n\t\t<div class=\"xts-negative-gap elementor-element elementor-element-436e742 e-flex e-con-boxed xts-section-disabled e-con e-parent\" data-id=\"436e742\" data-element_type=\"container\">\n\t\t\t\t\t<div class=\"e-con-inner\">\n\t\t\t\t<div class=\"elementor-element elementor-element-749c029 elementor-widget-divider--view-line elementor-widget elementor-widget-divider\" data-id=\"749c029\" data-element_type=\"widget\" data-widget_type=\"divider.default\">\n\t\t\t\t<div class=\"elementor-widget-container\">\n\t\t\t\t\t\t\t<div class=\"elementor-divider\">\n\t\t\t<span class=\"elementor-divider-separator\">\n\t\t\t\t\t\t<\/span>\n\t\t<\/div>\n\t\t\t\t\t\t<\/div>\n\t\t\t\t<\/div>\n\t\t\t\t<div class=\"elementor-element elementor-element-1755a4d elementor-widget elementor-widget-spacer\" data-id=\"1755a4d\" data-element_type=\"widget\" data-widget_type=\"spacer.default\">\n\t\t\t\t<div class=\"elementor-widget-container\">\n\t\t\t\t\t\t\t<div class=\"elementor-spacer\">\n\t\t\t<div class=\"elementor-spacer-inner\"><\/div>\n\t\t<\/div>\n\t\t\t\t\t\t<\/div>\n\t\t\t\t<\/div>\n\t\t\t\t\t<\/div>\n\t\t\t\t<\/div>\n\t\t<div class=\"xts-negative-gap elementor-element elementor-element-9e835c9 e-flex e-con-boxed xts-section-disabled e-con e-parent\" data-id=\"9e835c9\" data-element_type=\"container\">\n\t\t\t\t\t<div class=\"e-con-inner\">\n\t\t<div class=\"elementor-element elementor-element-0252f1a e-con-full e-flex xts-section-disabled e-con e-child\" data-id=\"0252f1a\" data-element_type=\"container\">\n\t\t\t\t<div class=\"elementor-element elementor-element-426763b elementor-widget elementor-widget-heading\" data-id=\"426763b\" data-element_type=\"widget\" data-widget_type=\"heading.default\">\n\t\t\t\t<div class=\"elementor-widget-container\">\n\t\t\t\t\t<h3 class=\"elementor-heading-title elementor-size-default\">Lojistik Partneri<\/h3>\t\t\t\t<\/div>\n\t\t\t\t<\/div>\n\t\t\t\t<div class=\"elementor-element elementor-element-6445121 elementor-widget elementor-widget-image\" data-id=\"6445121\" data-element_type=\"widget\" data-widget_type=\"image.default\">\n\t\t\t\t<div class=\"elementor-widget-container\">\n\t\t\t\t\t\t\t\t\t\t\t\t\t\t\t<img loading=\"lazy\" decoding=\"async\" width=\"150\" height=\"150\" src=\"https:\/\/atabridge.com\/wp-content\/uploads\/2024\/09\/fasdat.png\" class=\"attachment-thumbnail size-thumbnail wp-image-122\" alt=\"\" \/>\t\t\t\t\t\t\t\t\t\t\t\t\t\t\t<\/div>\n\t\t\t\t<\/div>\n\t\t\t\t<\/div>\n\t\t<div class=\"elementor-element elementor-element-7ae3d5c e-con-full e-flex xts-section-disabled e-con e-child\" data-id=\"7ae3d5c\" data-element_type=\"container\">\n\t\t\t\t<div class=\"elementor-element elementor-element-105e782 elementor-widget elementor-widget-heading\" data-id=\"105e782\" data-element_type=\"widget\" data-widget_type=\"heading.default\">\n\t\t\t\t<div class=\"elementor-widget-container\">\n\t\t\t\t\t<h3 class=\"elementor-heading-title elementor-size-default\">Teknoloji Partneri<\/h3>\t\t\t\t<\/div>\n\t\t\t\t<\/div>\n\t\t\t\t<div class=\"elementor-element elementor-element-6ed516b elementor-widget elementor-widget-image\" data-id=\"6ed516b\" data-element_type=\"widget\" data-widget_type=\"image.default\">\n\t\t\t\t<div class=\"elementor-widget-container\">\n\t\t\t\t\t\t\t\t\t\t\t\t\t\t\t<img loading=\"lazy\" decoding=\"async\" width=\"150\" height=\"150\" src=\"https:\/\/atabridge.com\/wp-content\/uploads\/2024\/09\/atp_1.png\" class=\"attachment-thumbnail size-thumbnail wp-image-118\" alt=\"\" \/>\t\t\t\t\t\t\t\t\t\t\t\t\t\t\t<\/div>\n\t\t\t\t<\/div>\n\t\t\t\t<\/div>\n\t\t\t\t\t<\/div>\n\t\t\t\t<\/div>\n\t\t\t\t<\/div>\n\t\t","protected":false},"excerpt":{"rendered":"<p>\u0130\u015f ortaklar\u0131m\u0131zla kalite ve fiyat avantaj\u0131 Marka ve i\u015f ortaklar\u0131m\u0131z\u0131n sundu\u011fu kalite ve fiyat avantajlar\u0131yla i\u015f s\u00fcre\u00e7lerinizi optimize edin. Rekabet\u00e7i fiyatlarla en uygun \u00e7\u00f6z\u00fcmleri sunarak, i\u015f hedeflerinize ula\u015fman\u0131za destek oluyoruz. Markalar Partner Markalar Lojistik Partneri Teknoloji Partneri<\/p>\n","protected":false},"author":2,"featured_media":0,"parent":0,"menu_order":0,"comment_status":"closed","ping_status":"closed","template":"","meta":{"footnotes":""},"class_list":["post-49","page","type-page","status-publish","hentry"],"_links":{"self":[{"href":"https:\/\/atabridge.com\/index.php?rest_route=\/wp\/v2\/pages\/49","targetHints":{"allow":["GET"]}}],"collection":[{"href":"https:\/\/atabridge.com\/index.php?rest_route=\/wp\/v2\/pages"}],"about":[{"href":"https:\/\/atabridge.com\/index.php?rest_route=\/wp\/v2\/types\/page"}],"author":[{"embeddable":true,"href":"https:\/\/atabridge.com\/index.php?rest_route=\/wp\/v2\/users\/2"}],"replies":[{"embeddable":true,"href":"https:\/\/atabridge.com\/index.php?rest_route=%2Fwp%2Fv2%2Fcomments&post=49"}],"version-history":[{"count":32,"href":"https:\/\/atabridge.com\/index.php?rest_route=\/wp\/v2\/pages\/49\/revisions"}],"predecessor-version":[{"id":5773,"href":"https:\/\/atabridge.com\/index.php?rest_route=\/wp\/v2\/pages\/49\/revisions\/5773"}],"wp:attachment":[{"href":"https:\/\/atabridge.com\/index.php?rest_route=%2Fwp%2Fv2%2Fmedia&parent=49"}],"curies":[{"name":"wp","href":"https:\/\/api.w.org\/{rel}","templated":true}]}}