{"id":64,"date":"2024-09-16T11:48:23","date_gmt":"2024-09-16T08:48:23","guid":{"rendered":"https:\/\/atabridge.com\/?page_id=64"},"modified":"2024-10-16T13:54:09","modified_gmt":"2024-10-16T10:54:09","slug":"danismanlik","status":"publish","type":"page","link":"https:\/\/atabridge.com\/?page_id=64","title":{"rendered":"Dan\u0131\u015fmanl\u0131k"},"content":{"rendered":"\t\t<div data-elementor-type=\"wp-page\" data-elementor-id=\"64\" class=\"elementor elementor-64\">\n\t\t\t\t<div class=\"xts-negative-gap elementor-element elementor-element-f47c2a2 e-flex e-con-boxed xts-section-disabled e-con e-parent\" data-id=\"f47c2a2\" data-element_type=\"container\">\n\t\t\t\t\t<div class=\"e-con-inner\">\n\t\t<div class=\"elementor-element elementor-element-2dc942a e-con-full e-flex xts-section-disabled e-con e-child\" data-id=\"2dc942a\" data-element_type=\"container\">\n\t\t\t\t<div class=\"elementor-element elementor-element-2776551 xts-width-100 elementor-widget elementor-widget-xts_title\" data-id=\"2776551\" data-element_type=\"widget\" data-widget_type=\"xts_title.default\">\n\t\t\t\t<div class=\"elementor-widget-container\">\n\t\t\t\t\t\t\t\t<div class=\"xts-section-heading xts-reset-mb-10 xts-reset-last xts-textalign-center\" data-animation-delay=\"\">\n\t\t\t\t\n\t\t\t\t\t\t\t\t\t<h4 class=\"xts-section-title title xts-design-default xts-fontsize-xxl\">\n\t\t\t\t\t\t<span class=\"xts-section-title-text\" data-elementor-setting-key=\"title\">\n\t\t\t\t\t\t\t\u0130\u015finize \u00d6zel \u00c7\u00f6z\u00fcmlerle Birinci S\u0131n\u0131f Orta\u011f\u0131n\u0131z\t\t\t\t\t\t<\/span>\n\n\t\t\t\t\t\t\t\t\t\t\t<\/h4>\n\t\t\t\t\n\t\t\t\t\n\t\t\t\t\t\t\t\t\t<div class=\"xts-section-desc xts-fontsize-m\">\n\t\t\t\t\t\t<div class=\"xts-section-desc-text xts-reset-all-last\" data-elementor-setting-key=\"description\">\n\t\t\t\t\t\t\t<p>\u00c7in'de on y\u0131l\u0131 a\u015fk\u0131n s\u00fcredir ba\u015far\u0131yla faaliyet g\u00f6steren Ata Bridge, 20 lojistik merkezi ve \u00fclke genelinde 1.700'den fazla restoran\u0131n y\u00f6netimini i\u00e7eren geni\u015f deneyimi ve k\u00f6kl\u00fc a\u011f\u0131yla \u00f6ne \u00e7\u0131kmaktad\u0131r. \u0130\u015fletmenizi, benzersiz ihtiya\u00e7lar\u0131n\u0131za uygun \u00f6zelle\u015ftirilmi\u015f \u00e7\u00f6z\u00fcmlerle ba\u015far\u0131ya ula\u015ft\u0131rmak i\u00e7in adanm\u0131\u015f bir ekibiz.<\/p>\t\t\t\t\t\t<\/div>\n\t\t\t\t\t<\/div>\n\t\t\t\t\t\t\t<\/div>\n\t\t\t\t\t\t<\/div>\n\t\t\t\t<\/div>\n\t\t\t\t<\/div>\n\t\t\t\t\t<\/div>\n\t\t\t\t<\/div>\n\t\t<div class=\"xts-negative-gap elementor-element elementor-element-2051817 e-flex e-con-boxed xts-section-disabled e-con e-parent\" data-id=\"2051817\" data-element_type=\"container\">\n\t\t\t\t\t<div class=\"e-con-inner\">\n\t\t\t\t<div class=\"elementor-element elementor-element-b2b1510 elementor-widget elementor-widget-spacer\" data-id=\"b2b1510\" data-element_type=\"widget\" data-widget_type=\"spacer.default\">\n\t\t\t\t<div class=\"elementor-widget-container\">\n\t\t\t\t\t\t\t<div class=\"elementor-spacer\">\n\t\t\t<div class=\"elementor-spacer-inner\"><\/div>\n\t\t<\/div>\n\t\t\t\t\t\t<\/div>\n\t\t\t\t<\/div>\n\t\t\t\t\t<\/div>\n\t\t\t\t<\/div>\n\t\t<div class=\"xts-negative-gap elementor-element elementor-element-cd20035 e-flex e-con-boxed xts-section-disabled e-con e-parent\" data-id=\"cd20035\" data-element_type=\"container\">\n\t\t\t\t\t<div class=\"e-con-inner\">\n\t\t\t\t<div class=\"elementor-element elementor-element-445ce5d elementor-widget elementor-widget-heading\" data-id=\"445ce5d\" data-element_type=\"widget\" data-widget_type=\"heading.default\">\n\t\t\t\t<div class=\"elementor-widget-container\">\n\t\t\t\t\t<h3 class=\"elementor-heading-title elementor-size-default\">Kapsaml\u0131 Hizmetlerimiz<\/h3>\t\t\t\t<\/div>\n\t\t\t\t<\/div>\n\t\t<div class=\"elementor-element elementor-element-a61a205 e-con-full e-flex xts-section-disabled e-con e-child\" data-id=\"a61a205\" data-element_type=\"container\">\n\t\t\t\t<div class=\"elementor-element elementor-element-a252749 elementor-widget-divider--view-line elementor-widget elementor-widget-divider\" data-id=\"a252749\" data-element_type=\"widget\" data-widget_type=\"divider.default\">\n\t\t\t\t<div class=\"elementor-widget-container\">\n\t\t\t\t\t\t\t<div class=\"elementor-divider\">\n\t\t\t<span class=\"elementor-divider-separator\">\n\t\t\t\t\t\t<\/span>\n\t\t<\/div>\n\t\t\t\t\t\t<\/div>\n\t\t\t\t<\/div>\n\t\t\t\t<\/div>\n\t\t\t\t\t<\/div>\n\t\t\t\t<\/div>\n\t\t<div class=\"xts-negative-gap elementor-element elementor-element-f6b2d82 e-flex e-con-boxed xts-section-disabled e-con e-parent\" data-id=\"f6b2d82\" data-element_type=\"container\">\n\t\t\t\t\t<div class=\"e-con-inner\">\n\t\t<div class=\"elementor-element elementor-element-e7705a7 e-con-full e-flex xts-section-disabled e-con e-child\" data-id=\"e7705a7\" data-element_type=\"container\">\n\t\t\t\t<div class=\"elementor-element elementor-element-2886249 elementor-widget elementor-widget-xts_infobox\" data-id=\"2886249\" data-element_type=\"widget\" data-widget_type=\"xts_infobox.default\">\n\t\t\t\t<div class=\"elementor-widget-container\">\n\t\t\t\t\t\n\t\t<div class=\"xts-infobox xts-textalign-center xts-icon-top\" onclick=\"\">\n\t\t\t\t\t\t\t<div class=\"xts-box-icon-wrapper\">\n\t\t\t\t\t<div class=\"xts-box-icon xts-type-icon xts-with-bg-color xts-size-s xts-shape-rounded\">\n\t\t\t\t\t\t<svg class=\"e-font-icon-svg e-fas-business-time\" viewBox=\"0 0 640 512\" xmlns=\"http:\/\/www.w3.org\/2000\/svg\"><path d=\"M496 224c-79.59 0-144 64.41-144 144s64.41 144 144 144 144-64.41 144-144-64.41-144-144-144zm64 150.29c0 5.34-4.37 9.71-9.71 9.71h-60.57c-5.34 0-9.71-4.37-9.71-9.71v-76.57c0-5.34 4.37-9.71 9.71-9.71h12.57c5.34 0 9.71 4.37 9.71 9.71V352h38.29c5.34 0 9.71 4.37 9.71 9.71v12.58zM496 192c5.4 0 10.72.33 16 .81V144c0-25.6-22.4-48-48-48h-80V48c0-25.6-22.4-48-48-48H176c-25.6 0-48 22.4-48 48v48H48c-25.6 0-48 22.4-48 48v80h395.12c28.6-20.09 63.35-32 100.88-32zM320 96H192V64h128v32zm6.82 224H208c-8.84 0-16-7.16-16-16v-48H0v144c0 25.6 22.4 48 48 48h291.43C327.1 423.96 320 396.82 320 368c0-16.66 2.48-32.72 6.82-48z\"><\/path><\/svg>\t\t\t\t\t<\/div>\n\t\t\t\t<\/div>\n\t\t\t\n\t\t\t<div class=\"xts-box-content xts-reset-mb-10 xts-reset-all-last\">\n\t\t\t\t\n\t\t\t\t\t\t\t\t\t<h4 class=\"xts-box-title title xts-fontsize-m\" data-elementor-setting-key=\"title\">\n\t\t\t\t\t\t\u0130\u015f Dan\u0131\u015fmanl\u0131\u011f\u0131\t\t\t\t\t<\/h4>\n\t\t\t\t\n\t\t\t\t\t\t\t\t\t<div class=\"xts-box-desc xts-fontsize-xs\" data-elementor-setting-key=\"description\">\n\t\t\t\t\t\tOperasyonlar\u0131n\u0131z\u0131 optimize etmek i\u00e7in uzman tavsiyeleri.\t\t\t\t\t<\/div>\n\t\t\t\t\n\t\t\t\t\t\t\t<\/div>\n\n\t\t\t\t\t\t\t<div class=\"xts-box-overlay xts-fill\"><\/div>\n\t\t\t\t\t<\/div>\n\n\t\t\t\t\t\t<\/div>\n\t\t\t\t<\/div>\n\t\t\t\t<\/div>\n\t\t<div class=\"elementor-element elementor-element-611bc2e e-con-full e-flex xts-section-disabled e-con e-child\" data-id=\"611bc2e\" data-element_type=\"container\">\n\t\t\t\t<div class=\"elementor-element elementor-element-5ca9901 elementor-widget elementor-widget-xts_infobox\" data-id=\"5ca9901\" data-element_type=\"widget\" data-widget_type=\"xts_infobox.default\">\n\t\t\t\t<div class=\"elementor-widget-container\">\n\t\t\t\t\t\n\t\t<div class=\"xts-infobox xts-textalign-center xts-icon-top\" onclick=\"\">\n\t\t\t\t\t\t\t<div class=\"xts-box-icon-wrapper\">\n\t\t\t\t\t<div class=\"xts-box-icon xts-type-icon xts-with-bg-color xts-size-s xts-shape-rounded\">\n\t\t\t\t\t\t<svg class=\"e-font-icon-svg e-far-edit\" viewBox=\"0 0 576 512\" xmlns=\"http:\/\/www.w3.org\/2000\/svg\"><path d=\"M402.3 344.9l32-32c5-5 13.7-1.5 13.7 5.7V464c0 26.5-21.5 48-48 48H48c-26.5 0-48-21.5-48-48V112c0-26.5 21.5-48 48-48h273.5c7.1 0 10.7 8.6 5.7 13.7l-32 32c-1.5 1.5-3.5 2.3-5.7 2.3H48v352h352V350.5c0-2.1.8-4.1 2.3-5.6zm156.6-201.8L296.3 405.7l-90.4 10c-26.2 2.9-48.5-19.2-45.6-45.6l10-90.4L432.9 17.1c22.9-22.9 59.9-22.9 82.7 0l43.2 43.2c22.9 22.9 22.9 60 .1 82.8zM460.1 174L402 115.9 216.2 301.8l-7.3 65.3 65.3-7.3L460.1 174zm64.8-79.7l-43.2-43.2c-4.1-4.1-10.8-4.1-14.8 0L436 82l58.1 58.1 30.9-30.9c4-4.2 4-10.8-.1-14.9z\"><\/path><\/svg>\t\t\t\t\t<\/div>\n\t\t\t\t<\/div>\n\t\t\t\n\t\t\t<div class=\"xts-box-content xts-reset-mb-10 xts-reset-all-last\">\n\t\t\t\t\n\t\t\t\t\t\t\t\t\t<h4 class=\"xts-box-title title xts-fontsize-m\" data-elementor-setting-key=\"title\">\n\t\t\t\t\t\tPazar Analizi\t\t\t\t\t<\/h4>\n\t\t\t\t\n\t\t\t\t\t\t\t\t\t<div class=\"xts-box-desc xts-fontsize-xs\" data-elementor-setting-key=\"description\">\n\t\t\t\t\t\tPazar dinamiklerini anlamak i\u00e7in derinlemesine analizler.\t\t\t\t\t<\/div>\n\t\t\t\t\n\t\t\t\t\t\t\t<\/div>\n\n\t\t\t\t\t\t\t<div class=\"xts-box-overlay xts-fill\"><\/div>\n\t\t\t\t\t<\/div>\n\n\t\t\t\t\t\t<\/div>\n\t\t\t\t<\/div>\n\t\t\t\t<\/div>\n\t\t<div class=\"elementor-element elementor-element-646a4dc e-con-full e-flex xts-section-disabled e-con e-child\" data-id=\"646a4dc\" data-element_type=\"container\">\n\t\t\t\t<div class=\"elementor-element elementor-element-92271a2 elementor-widget elementor-widget-xts_infobox\" data-id=\"92271a2\" data-element_type=\"widget\" data-widget_type=\"xts_infobox.default\">\n\t\t\t\t<div class=\"elementor-widget-container\">\n\t\t\t\t\t\n\t\t<div class=\"xts-infobox xts-textalign-center xts-icon-top\" onclick=\"\">\n\t\t\t\t\t\t\t<div class=\"xts-box-icon-wrapper\">\n\t\t\t\t\t<div class=\"xts-box-icon xts-type-icon xts-with-bg-color xts-size-s xts-shape-rounded\">\n\t\t\t\t\t\t<svg class=\"e-font-icon-svg e-fas-network-wired\" viewBox=\"0 0 640 512\" xmlns=\"http:\/\/www.w3.org\/2000\/svg\"><path d=\"M640 264v-16c0-8.84-7.16-16-16-16H344v-40h72c17.67 0 32-14.33 32-32V32c0-17.67-14.33-32-32-32H224c-17.67 0-32 14.33-32 32v128c0 17.67 14.33 32 32 32h72v40H16c-8.84 0-16 7.16-16 16v16c0 8.84 7.16 16 16 16h104v40H64c-17.67 0-32 14.33-32 32v128c0 17.67 14.33 32 32 32h160c17.67 0 32-14.33 32-32V352c0-17.67-14.33-32-32-32h-56v-40h304v40h-56c-17.67 0-32 14.33-32 32v128c0 17.67 14.33 32 32 32h160c17.67 0 32-14.33 32-32V352c0-17.67-14.33-32-32-32h-56v-40h104c8.84 0 16-7.16 16-16zM256 128V64h128v64H256zm-64 320H96v-64h96v64zm352 0h-96v-64h96v64z\"><\/path><\/svg>\t\t\t\t\t<\/div>\n\t\t\t\t<\/div>\n\t\t\t\n\t\t\t<div class=\"xts-box-content xts-reset-mb-10 xts-reset-all-last\">\n\t\t\t\t\n\t\t\t\t\t\t\t\t\t<h4 class=\"xts-box-title title xts-fontsize-m\" data-elementor-setting-key=\"title\">\n\t\t\t\t\t\tA\u011f Kurma\t\t\t\t\t<\/h4>\n\t\t\t\t\n\t\t\t\t\t\t\t\t\t<div class=\"xts-box-desc xts-fontsize-xs\" data-elementor-setting-key=\"description\">\n\t\t\t\t\t\t\u0130\u015fletmenizi geli\u015ftirmek i\u00e7in stratejik ba\u011flant\u0131lar olu\u015fturma.\t\t\t\t\t<\/div>\n\t\t\t\t\n\t\t\t\t\t\t\t<\/div>\n\n\t\t\t\t\t\t\t<div class=\"xts-box-overlay xts-fill\"><\/div>\n\t\t\t\t\t<\/div>\n\n\t\t\t\t\t\t<\/div>\n\t\t\t\t<\/div>\n\t\t\t\t<\/div>\n\t\t<div class=\"elementor-element elementor-element-99d4bb3 e-con-full e-flex xts-section-disabled e-con e-child\" data-id=\"99d4bb3\" data-element_type=\"container\">\n\t\t\t\t<div class=\"elementor-element elementor-element-e611399 elementor-widget elementor-widget-xts_infobox\" data-id=\"e611399\" data-element_type=\"widget\" data-widget_type=\"xts_infobox.default\">\n\t\t\t\t<div class=\"elementor-widget-container\">\n\t\t\t\t\t\n\t\t<div class=\"xts-infobox xts-textalign-center xts-icon-top\" onclick=\"\">\n\t\t\t\t\t\t\t<div class=\"xts-box-icon-wrapper\">\n\t\t\t\t\t<div class=\"xts-box-icon xts-type-icon xts-with-bg-color xts-size-s xts-shape-rounded\">\n\t\t\t\t\t\t<svg class=\"e-font-icon-svg e-fas-laptop-code\" viewBox=\"0 0 640 512\" xmlns=\"http:\/\/www.w3.org\/2000\/svg\"><path d=\"M255.03 261.65c6.25 6.25 16.38 6.25 22.63 0l11.31-11.31c6.25-6.25 6.25-16.38 0-22.63L253.25 192l35.71-35.72c6.25-6.25 6.25-16.38 0-22.63l-11.31-11.31c-6.25-6.25-16.38-6.25-22.63 0l-58.34 58.34c-6.25 6.25-6.25 16.38 0 22.63l58.35 58.34zm96.01-11.3l11.31 11.31c6.25 6.25 16.38 6.25 22.63 0l58.34-58.34c6.25-6.25 6.25-16.38 0-22.63l-58.34-58.34c-6.25-6.25-16.38-6.25-22.63 0l-11.31 11.31c-6.25 6.25-6.25 16.38 0 22.63L386.75 192l-35.71 35.72c-6.25 6.25-6.25 16.38 0 22.63zM624 416H381.54c-.74 19.81-14.71 32-32.74 32H288c-18.69 0-33.02-17.47-32.77-32H16c-8.8 0-16 7.2-16 16v16c0 35.2 28.8 64 64 64h512c35.2 0 64-28.8 64-64v-16c0-8.8-7.2-16-16-16zM576 48c0-26.4-21.6-48-48-48H112C85.6 0 64 21.6 64 48v336h512V48zm-64 272H128V64h384v256z\"><\/path><\/svg>\t\t\t\t\t<\/div>\n\t\t\t\t<\/div>\n\t\t\t\n\t\t\t<div class=\"xts-box-content xts-reset-mb-10 xts-reset-all-last\">\n\t\t\t\t\n\t\t\t\t\t\t\t\t\t<h4 class=\"xts-box-title title xts-fontsize-m\" data-elementor-setting-key=\"title\">\n\t\t\t\t\t\tTeknoloji Altyap\u0131s\u0131\t\t\t\t\t<\/h4>\n\t\t\t\t\n\t\t\t\t\t\t\t\t\t<div class=\"xts-box-desc xts-fontsize-xs\" data-elementor-setting-key=\"description\">\n\t\t\t\t\t\tB\u00fcy\u00fcmenizi destekleyecek sa\u011flam sistemler.\t\t\t\t\t<\/div>\n\t\t\t\t\n\t\t\t\t\t\t\t<\/div>\n\n\t\t\t\t\t\t\t<div class=\"xts-box-overlay xts-fill\"><\/div>\n\t\t\t\t\t<\/div>\n\n\t\t\t\t\t\t<\/div>\n\t\t\t\t<\/div>\n\t\t\t\t<\/div>\n\t\t\t\t\t<\/div>\n\t\t\t\t<\/div>\n\t\t<div class=\"xts-negative-gap elementor-element elementor-element-4393a8a e-flex e-con-boxed xts-section-disabled e-con e-parent\" data-id=\"4393a8a\" data-element_type=\"container\">\n\t\t\t\t\t<div class=\"e-con-inner\">\n\t\t\t\t<div class=\"elementor-element elementor-element-053bf0c elementor-widget elementor-widget-xts_infobox_carousel\" data-id=\"053bf0c\" data-element_type=\"widget\" data-widget_type=\"xts_infobox_carousel.default\">\n\t\t\t\t<div class=\"elementor-widget-container\">\n\t\t\t\t\t\n\t\t<div class=\"xts-infobox-carousel xts-row xts-row-lg-4 xts-row-md-2 xts-row-1 xts-row-spacing-20 xts-carousel xts-lib-swiper xts-init-on-scroll xts-dots- xts-arrows-vpos-sides xts-arrows-design-default xts-autoplay-animations-off\"  data-xts-carousel  data-carousel-args='{\"autoplay\":\"no\",\"autoplay_speed\":null,\"infinite_loop\":\"no\",\"center_mode\":\"no\",\"draggable\":\"yes\",\"auto_height\":\"no\",\"init_on_scroll\":\"yes\",\"dots\":\"no\",\"dots_color_scheme\":null,\"arrows\":\"yes\",\"arrows_horizontal_position\":\"\",\"arrows_color_scheme\":\"dark\",\"arrows_vertical_position\":\"sides\",\"arrows_design\":\"default\",\"parent\":\"\",\"center_mode_opacity\":\"no\",\"library\":\"swiper\",\"source\":\"\",\"carousel_items\":{\"unit\":\"px\",\"size\":4,\"sizes\":[]},\"carousel_items_tablet\":{\"size\":2},\"carousel_items_mobile\":{\"size\":1},\"carousel_spacing\":20,\"controls_id\":\"69e47c0c6210f\",\"sync\":\"disabled\",\"sync_parent_id\":null,\"sync_child_id\":null}' data-animation-delay=\"\">\n\t\t\t\t\t\t\t\n\t\t\t\t<div class=\"xts-col elementor-repeater-item-0ebb225\">\n\t\t\t\t\t\n\t\t<div class=\"xts-infobox xts-textalign-center xts-icon-top\" onclick=\"\">\n\t\t\t\n\t\t\t<div class=\"xts-box-content xts-reset-mb-10 xts-reset-all-last\">\n\t\t\t\t\n\t\t\t\t\n\t\t\t\t\n\t\t\t\t\t\t\t<\/div>\n\n\t\t\t\t\t\t\t<div class=\"xts-box-overlay xts-fill\"><\/div>\n\t\t\t\t\t<\/div>\n\n\t\t\t\t\t\t<\/div>\n\t\t\t\t\t\t\t\n\t\t\t\t<div class=\"xts-col elementor-repeater-item-45d7aaf\">\n\t\t\t\t\t\n\t\t<div class=\"xts-infobox xts-textalign-center xts-icon-top\" onclick=\"\">\n\t\t\t\n\t\t\t<div class=\"xts-box-content xts-reset-mb-10 xts-reset-all-last\">\n\t\t\t\t\n\t\t\t\t\n\t\t\t\t\n\t\t\t\t\t\t\t<\/div>\n\n\t\t\t\t\t\t\t<div class=\"xts-box-overlay xts-fill\"><\/div>\n\t\t\t\t\t<\/div>\n\n\t\t\t\t\t\t<\/div>\n\t\t\t\t\t\t\t\n\t\t\t\t<div class=\"xts-col elementor-repeater-item-75b7c36\">\n\t\t\t\t\t\n\t\t<div class=\"xts-infobox xts-textalign-center xts-icon-top\" onclick=\"\">\n\t\t\t\n\t\t\t<div class=\"xts-box-content xts-reset-mb-10 xts-reset-all-last\">\n\t\t\t\t\n\t\t\t\t\n\t\t\t\t\n\t\t\t\t\t\t\t<\/div>\n\n\t\t\t\t\t\t\t<div class=\"xts-box-overlay xts-fill\"><\/div>\n\t\t\t\t\t<\/div>\n\n\t\t\t\t\t\t<\/div>\n\t\t\t\t\t\t\t\n\t\t\t\t<div class=\"xts-col elementor-repeater-item-1290ca4\">\n\t\t\t\t\t\n\t\t<div class=\"xts-infobox xts-textalign-center xts-icon-top\" onclick=\"\">\n\t\t\t\n\t\t\t<div class=\"xts-box-content xts-reset-mb-10 xts-reset-all-last\">\n\t\t\t\t\n\t\t\t\t\n\t\t\t\t\n\t\t\t\t\t\t\t<\/div>\n\n\t\t\t\t\t\t\t<div class=\"xts-box-overlay xts-fill\"><\/div>\n\t\t\t\t\t<\/div>\n\n\t\t\t\t\t\t<\/div>\n\t\t\t\t\t<\/div>\n\n\t\t\t\t\t\t<\/div>\n\t\t\t\t<\/div>\n\t\t\t\t\t<\/div>\n\t\t\t\t<\/div>\n\t\t\t\t<\/div>\n\t\t","protected":false},"excerpt":{"rendered":"<p>\u0130\u015finize \u00d6zel \u00c7\u00f6z\u00fcmlerle Birinci S\u0131n\u0131f Orta\u011f\u0131n\u0131z \u00c7in&#8217;de on y\u0131l\u0131 a\u015fk\u0131n s\u00fcredir ba\u015far\u0131yla faaliyet g\u00f6steren Ata Bridge, 20 lojistik merkezi ve \u00fclke genelinde 1.700&#8217;den fazla restoran\u0131n y\u00f6netimini i\u00e7eren geni\u015f deneyimi ve k\u00f6kl\u00fc a\u011f\u0131yla \u00f6ne \u00e7\u0131kmaktad\u0131r. \u0130\u015fletmenizi, benzersiz ihtiya\u00e7lar\u0131n\u0131za uygun \u00f6zelle\u015ftirilmi\u015f \u00e7\u00f6z\u00fcmlerle ba\u015far\u0131ya ula\u015ft\u0131rmak i\u00e7in adanm\u0131\u015f bir ekibiz. Kapsaml\u0131 Hizmetlerimiz \u0130\u015f Dan\u0131\u015fmanl\u0131\u011f\u0131 Operasyonlar\u0131n\u0131z\u0131 optimize etmek i\u00e7in uzman [&hellip;]<\/p>\n","protected":false},"author":2,"featured_media":0,"parent":0,"menu_order":0,"comment_status":"closed","ping_status":"closed","template":"","meta":{"footnotes":""},"class_list":["post-64","page","type-page","status-publish","hentry"],"_links":{"self":[{"href":"https:\/\/atabridge.com\/index.php?rest_route=\/wp\/v2\/pages\/64","targetHints":{"allow":["GET"]}}],"collection":[{"href":"https:\/\/atabridge.com\/index.php?rest_route=\/wp\/v2\/pages"}],"about":[{"href":"https:\/\/atabridge.com\/index.php?rest_route=\/wp\/v2\/types\/page"}],"author":[{"embeddable":true,"href":"https:\/\/atabridge.com\/index.php?rest_route=\/wp\/v2\/users\/2"}],"replies":[{"embeddable":true,"href":"https:\/\/atabridge.com\/index.php?rest_route=%2Fwp%2Fv2%2Fcomments&post=64"}],"version-history":[{"count":46,"href":"https:\/\/atabridge.com\/index.php?rest_route=\/wp\/v2\/pages\/64\/revisions"}],"predecessor-version":[{"id":5761,"href":"https:\/\/atabridge.com\/index.php?rest_route=\/wp\/v2\/pages\/64\/revisions\/5761"}],"wp:attachment":[{"href":"https:\/\/atabridge.com\/index.php?rest_route=%2Fwp%2Fv2%2Fmedia&parent=64"}],"curies":[{"name":"wp","href":"https:\/\/api.w.org\/{rel}","templated":true}]}}