{"id":6575,"date":"2024-12-27T17:23:15","date_gmt":"2024-12-27T14:23:15","guid":{"rendered":"https:\/\/atabridge.com\/?page_id=6575"},"modified":"2024-12-27T17:36:21","modified_gmt":"2024-12-27T14:36:21","slug":"tedarik","status":"publish","type":"page","link":"https:\/\/atabridge.com\/?page_id=6575","title":{"rendered":"Tedarik"},"content":{"rendered":"\t\t<div data-elementor-type=\"wp-page\" data-elementor-id=\"6575\" class=\"elementor elementor-6575\">\n\t\t\t\t<div class=\"xts-negative-gap elementor-element elementor-element-8d1cf6b e-flex e-con-boxed xts-section-disabled e-con e-parent\" data-id=\"8d1cf6b\" data-element_type=\"container\">\n\t\t\t\t\t<div class=\"e-con-inner\">\n\t\t<div class=\"elementor-element elementor-element-f4da75d e-con-full e-flex xts-section-disabled e-con e-child\" data-id=\"f4da75d\" data-element_type=\"container\">\n\t\t\t\t<div class=\"elementor-element elementor-element-788b320 xts-width-100 elementor-widget elementor-widget-xts_title\" data-id=\"788b320\" data-element_type=\"widget\" data-widget_type=\"xts_title.default\">\n\t\t\t\t<div class=\"elementor-widget-container\">\n\t\t\t\t\t\t\t\t<div class=\"xts-section-heading xts-reset-mb-10 xts-reset-last xts-textalign-center\" data-animation-delay=\"\">\n\t\t\t\t\n\t\t\t\t\t\t\t\t\t<h4 class=\"xts-section-title title xts-design-default xts-fontsize-xxl\">\n\t\t\t\t\t\t<span class=\"xts-section-title-text\" data-elementor-setting-key=\"title\">\n\t\t\t\t\t\t\tG\u00fcvenilir Tedarik ile Global \u00c7\u00f6z\u00fcmler\t\t\t\t\t\t<\/span>\n\n\t\t\t\t\t\t\t\t\t\t\t<\/h4>\n\t\t\t\t\n\t\t\t\t\n\t\t\t\t\t\t\t\t\t<div class=\"xts-section-desc xts-fontsize-m\">\n\t\t\t\t\t\t<div class=\"xts-section-desc-text xts-reset-all-last\" data-elementor-setting-key=\"description\">\n\t\t\t\t\t\t\t<p>AtaBridge olarak, i\u015fletmenizi d\u00fcnya \u00e7ap\u0131ndaki g\u00fcvenilir tedarik\u00e7ilerle bulu\u015fturma konusunda uzman\u0131z. \u00dcr\u00fcn tedariki, kalite kontrol ve lojistik alan\u0131ndaki deneyimimizle, ihtiya\u00e7lar\u0131n\u0131za \u00f6zel \u00e7\u00f6z\u00fcmler sunuyoruz.<\/p>\t\t\t\t\t\t<\/div>\n\t\t\t\t\t<\/div>\n\t\t\t\t\t\t\t<\/div>\n\t\t\t\t\t\t<\/div>\n\t\t\t\t<\/div>\n\t\t\t\t<\/div>\n\t\t\t\t\t<\/div>\n\t\t\t\t<\/div>\n\t\t<div class=\"xts-negative-gap elementor-element elementor-element-52618cd e-flex e-con-boxed xts-section-disabled e-con e-parent\" data-id=\"52618cd\" data-element_type=\"container\">\n\t\t\t\t\t<div class=\"e-con-inner\">\n\t\t\t\t<div class=\"elementor-element elementor-element-9fd25fb elementor-widget elementor-widget-spacer\" data-id=\"9fd25fb\" data-element_type=\"widget\" data-widget_type=\"spacer.default\">\n\t\t\t\t<div class=\"elementor-widget-container\">\n\t\t\t\t\t\t\t<div class=\"elementor-spacer\">\n\t\t\t<div class=\"elementor-spacer-inner\"><\/div>\n\t\t<\/div>\n\t\t\t\t\t\t<\/div>\n\t\t\t\t<\/div>\n\t\t\t\t\t<\/div>\n\t\t\t\t<\/div>\n\t\t<div class=\"xts-negative-gap elementor-element elementor-element-b1de667 e-flex e-con-boxed xts-section-disabled e-con e-parent\" data-id=\"b1de667\" data-element_type=\"container\">\n\t\t\t\t\t<div class=\"e-con-inner\">\n\t\t\t\t<div class=\"elementor-element elementor-element-1196031 elementor-widget elementor-widget-heading\" data-id=\"1196031\" data-element_type=\"widget\" data-widget_type=\"heading.default\">\n\t\t\t\t<div class=\"elementor-widget-container\">\n\t\t\t\t\t<h3 class=\"elementor-heading-title elementor-size-default\">Sundu\u011fumuz Hizmetler:<\/h3>\t\t\t\t<\/div>\n\t\t\t\t<\/div>\n\t\t\t\t\t<\/div>\n\t\t\t\t<\/div>\n\t\t<div class=\"xts-negative-gap elementor-element elementor-element-f8c7027 e-flex e-con-boxed xts-section-disabled e-con e-parent\" data-id=\"f8c7027\" data-element_type=\"container\">\n\t\t\t\t\t<div class=\"e-con-inner\">\n\t\t\t\t<div class=\"elementor-element elementor-element-7ea2946 elementor-widget-divider--view-line elementor-widget elementor-widget-divider\" data-id=\"7ea2946\" data-element_type=\"widget\" data-widget_type=\"divider.default\">\n\t\t\t\t<div class=\"elementor-widget-container\">\n\t\t\t\t\t\t\t<div class=\"elementor-divider\">\n\t\t\t<span class=\"elementor-divider-separator\">\n\t\t\t\t\t\t<\/span>\n\t\t<\/div>\n\t\t\t\t\t\t<\/div>\n\t\t\t\t<\/div>\n\t\t\t\t\t<\/div>\n\t\t\t\t<\/div>\n\t\t<div class=\"xts-negative-gap elementor-element elementor-element-f70e9ed e-flex e-con-boxed xts-section-disabled e-con e-parent\" data-id=\"f70e9ed\" data-element_type=\"container\">\n\t\t\t\t\t<div class=\"e-con-inner\">\n\t\t\t\t<div class=\"elementor-element elementor-element-fa8160c elementor-widget elementor-widget-xts_infobox_carousel\" data-id=\"fa8160c\" data-element_type=\"widget\" data-widget_type=\"xts_infobox_carousel.default\">\n\t\t\t\t<div class=\"elementor-widget-container\">\n\t\t\t\t\t\n\t\t<div class=\"xts-infobox-carousel xts-row xts-row-lg-5 xts-row-md-2 xts-row-1 xts-row-spacing-20 xts-carousel xts-lib-swiper xts-init-on-scroll xts-dots- xts-arrows-vpos-sides xts-arrows-design-default xts-autoplay-animations-off\"  data-xts-carousel  data-carousel-args='{\"autoplay\":\"no\",\"autoplay_speed\":null,\"infinite_loop\":\"no\",\"center_mode\":\"no\",\"draggable\":\"yes\",\"auto_height\":\"no\",\"init_on_scroll\":\"yes\",\"dots\":\"no\",\"dots_color_scheme\":null,\"arrows\":\"yes\",\"arrows_horizontal_position\":\"\",\"arrows_color_scheme\":\"dark\",\"arrows_vertical_position\":\"sides\",\"arrows_design\":\"default\",\"parent\":\"\",\"center_mode_opacity\":\"no\",\"library\":\"swiper\",\"source\":\"\",\"carousel_items\":{\"unit\":\"px\",\"size\":5,\"sizes\":[]},\"carousel_items_tablet\":{\"size\":2},\"carousel_items_mobile\":{\"size\":1},\"carousel_spacing\":20,\"controls_id\":\"69e461b341df8\",\"sync\":\"disabled\",\"sync_parent_id\":null,\"sync_child_id\":null}' data-animation-delay=\"\">\n\t\t\t\t\t\t\t\n\t\t\t\t<div class=\"xts-col elementor-repeater-item-1a65218\">\n\t\t\t\t\t\n\t\t<div class=\"xts-infobox xts-textalign-center xts-icon-top\" onclick=\"\">\n\t\t\t\t\t\t\t<div class=\"xts-box-icon-wrapper\">\n\t\t\t\t\t<div class=\"xts-box-icon xts-type-icon xts-size-m\">\n\t\t\t\t\t\t<svg class=\"e-font-icon-svg e-fas-boxes\" viewBox=\"0 0 576 512\" xmlns=\"http:\/\/www.w3.org\/2000\/svg\"><path d=\"M560 288h-80v96l-32-21.3-32 21.3v-96h-80c-8.8 0-16 7.2-16 16v192c0 8.8 7.2 16 16 16h224c8.8 0 16-7.2 16-16V304c0-8.8-7.2-16-16-16zm-384-64h224c8.8 0 16-7.2 16-16V16c0-8.8-7.2-16-16-16h-80v96l-32-21.3L256 96V0h-80c-8.8 0-16 7.2-16 16v192c0 8.8 7.2 16 16 16zm64 64h-80v96l-32-21.3L96 384v-96H16c-8.8 0-16 7.2-16 16v192c0 8.8 7.2 16 16 16h224c8.8 0 16-7.2 16-16V304c0-8.8-7.2-16-16-16z\"><\/path><\/svg>\t\t\t\t\t<\/div>\n\t\t\t\t<\/div>\n\t\t\t\n\t\t\t<div class=\"xts-box-content xts-reset-mb-10 xts-reset-all-last\">\n\t\t\t\t\n\t\t\t\t\t\t\t\t\t<h4 class=\"xts-box-title title xts-fontsize-m\" data-elementor-setting-key=\"content_repeater.0.title\">\n\t\t\t\t\t\tKapsaml\u0131 Tedarik\t\t\t\t\t<\/h4>\n\t\t\t\t\n\t\t\t\t\t\t\t\t\t<div class=\"xts-box-desc\" data-elementor-setting-key=\"content_repeater.0.description\">\n\t\t\t\t\t\tGeni\u015f \u00fcretici ve tedarik\u00e7i a\u011f\u0131m\u0131za eri\u015fim.\t\t\t\t\t<\/div>\n\t\t\t\t\n\t\t\t\t\t\t\t<\/div>\n\n\t\t\t\t\t\t\t<div class=\"xts-box-overlay xts-fill\"><\/div>\n\t\t\t\t\t<\/div>\n\n\t\t\t\t\t\t<\/div>\n\t\t\t\t\t\t\t\n\t\t\t\t<div class=\"xts-col elementor-repeater-item-8d1ca5d\">\n\t\t\t\t\t\n\t\t<div class=\"xts-infobox xts-textalign-center xts-icon-top\" onclick=\"\">\n\t\t\t\t\t\t\t<div class=\"xts-box-icon-wrapper\">\n\t\t\t\t\t<div class=\"xts-box-icon xts-type-icon xts-size-m\">\n\t\t\t\t\t\t<svg class=\"e-font-icon-svg e-fas-check-circle\" viewBox=\"0 0 512 512\" xmlns=\"http:\/\/www.w3.org\/2000\/svg\"><path d=\"M504 256c0 136.967-111.033 248-248 248S8 392.967 8 256 119.033 8 256 8s248 111.033 248 248zM227.314 387.314l184-184c6.248-6.248 6.248-16.379 0-22.627l-22.627-22.627c-6.248-6.249-16.379-6.249-22.628 0L216 308.118l-70.059-70.059c-6.248-6.248-16.379-6.248-22.628 0l-22.627 22.627c-6.248 6.248-6.248 16.379 0 22.627l104 104c6.249 6.249 16.379 6.249 22.628.001z\"><\/path><\/svg>\t\t\t\t\t<\/div>\n\t\t\t\t<\/div>\n\t\t\t\n\t\t\t<div class=\"xts-box-content xts-reset-mb-10 xts-reset-all-last\">\n\t\t\t\t\n\t\t\t\t\t\t\t\t\t<h4 class=\"xts-box-title title xts-fontsize-m\" data-elementor-setting-key=\"content_repeater.1.title\">\n\t\t\t\t\t\tKalite G\u00fcvencesi\t\t\t\t\t<\/h4>\n\t\t\t\t\n\t\t\t\t\t\t\t\t\t<div class=\"xts-box-desc\" data-elementor-setting-key=\"content_repeater.1.description\">\n\t\t\t\t\t\tStandartlara uygun titiz denetimler.\t\t\t\t\t<\/div>\n\t\t\t\t\n\t\t\t\t\t\t\t<\/div>\n\n\t\t\t\t\t\t\t<div class=\"xts-box-overlay xts-fill\"><\/div>\n\t\t\t\t\t<\/div>\n\n\t\t\t\t\t\t<\/div>\n\t\t\t\t\t\t\t\n\t\t\t\t<div class=\"xts-col elementor-repeater-item-31c2e98\">\n\t\t\t\t\t\n\t\t<div class=\"xts-infobox xts-textalign-center xts-icon-top\" onclick=\"\">\n\t\t\t\t\t\t\t<div class=\"xts-box-icon-wrapper\">\n\t\t\t\t\t<div class=\"xts-box-icon xts-type-icon xts-size-m\">\n\t\t\t\t\t\t<svg class=\"e-font-icon-svg e-fas-puzzle-piece\" viewBox=\"0 0 576 512\" xmlns=\"http:\/\/www.w3.org\/2000\/svg\"><path d=\"M519.442 288.651c-41.519 0-59.5 31.593-82.058 31.593C377.409 320.244 432 144 432 144s-196.288 80-196.288-3.297c0-35.827 36.288-46.25 36.288-85.985C272 19.216 243.885 0 210.539 0c-34.654 0-66.366 18.891-66.366 56.346 0 41.364 31.711 59.277 31.711 81.75C175.885 207.719 0 166.758 0 166.758v333.237s178.635 41.047 178.635-28.662c0-22.473-40-40.107-40-81.471 0-37.456 29.25-56.346 63.577-56.346 33.673 0 61.788 19.216 61.788 54.717 0 39.735-36.288 50.158-36.288 85.985 0 60.803 129.675 25.73 181.23 25.73 0 0-34.725-120.101 25.827-120.101 35.962 0 46.423 36.152 86.308 36.152C556.712 416 576 387.99 576 354.443c0-34.199-18.962-65.792-56.558-65.792z\"><\/path><\/svg>\t\t\t\t\t<\/div>\n\t\t\t\t<\/div>\n\t\t\t\n\t\t\t<div class=\"xts-box-content xts-reset-mb-10 xts-reset-all-last\">\n\t\t\t\t\n\t\t\t\t\t\t\t\t\t<h4 class=\"xts-box-title title xts-fontsize-m\" data-elementor-setting-key=\"content_repeater.2.title\">\n\t\t\t\t\t\t\u00d6zel \u00c7\u00f6z\u00fcmler\t\t\t\t\t<\/h4>\n\t\t\t\t\n\t\t\t\t\t\t\t\t\t<div class=\"xts-box-desc\" data-elementor-setting-key=\"content_repeater.2.description\">\n\t\t\t\t\t\tHedeflerinize uygun tedarik stratejileri.\t\t\t\t\t<\/div>\n\t\t\t\t\n\t\t\t\t\t\t\t<\/div>\n\n\t\t\t\t\t\t\t<div class=\"xts-box-overlay xts-fill\"><\/div>\n\t\t\t\t\t<\/div>\n\n\t\t\t\t\t\t<\/div>\n\t\t\t\t\t\t\t\n\t\t\t\t<div class=\"xts-col elementor-repeater-item-a274703\">\n\t\t\t\t\t\n\t\t<div class=\"xts-infobox xts-textalign-center xts-icon-top\" onclick=\"\">\n\t\t\t\t\t\t\t<div class=\"xts-box-icon-wrapper\">\n\t\t\t\t\t<div class=\"xts-box-icon xts-type-icon xts-size-m\">\n\t\t\t\t\t\t<svg class=\"e-font-icon-svg e-fas-truck-moving\" viewBox=\"0 0 640 512\" xmlns=\"http:\/\/www.w3.org\/2000\/svg\"><path d=\"M621.3 237.3l-58.5-58.5c-12-12-28.3-18.7-45.3-18.7H480V64c0-17.7-14.3-32-32-32H32C14.3 32 0 46.3 0 64v336c0 44.2 35.8 80 80 80 26.3 0 49.4-12.9 64-32.4 14.6 19.6 37.7 32.4 64 32.4 44.2 0 80-35.8 80-80 0-5.5-.6-10.8-1.6-16h163.2c-1.1 5.2-1.6 10.5-1.6 16 0 44.2 35.8 80 80 80s80-35.8 80-80c0-5.5-.6-10.8-1.6-16H624c8.8 0 16-7.2 16-16v-85.5c0-17-6.7-33.2-18.7-45.2zM80 432c-17.6 0-32-14.4-32-32s14.4-32 32-32 32 14.4 32 32-14.4 32-32 32zm128 0c-17.6 0-32-14.4-32-32s14.4-32 32-32 32 14.4 32 32-14.4 32-32 32zm272-224h37.5c4.3 0 8.3 1.7 11.3 4.7l43.3 43.3H480v-48zm48 224c-17.6 0-32-14.4-32-32s14.4-32 32-32 32 14.4 32 32-14.4 32-32 32z\"><\/path><\/svg>\t\t\t\t\t<\/div>\n\t\t\t\t<\/div>\n\t\t\t\n\t\t\t<div class=\"xts-box-content xts-reset-mb-10 xts-reset-all-last\">\n\t\t\t\t\n\t\t\t\t\t\t\t\t\t<h4 class=\"xts-box-title title xts-fontsize-m\" data-elementor-setting-key=\"content_repeater.3.title\">\n\t\t\t\t\t\tLojistik Y\u00f6netimi\t\t\t\t\t<\/h4>\n\t\t\t\t\n\t\t\t\t\t\t\t\t\t<div class=\"xts-box-desc\" data-elementor-setting-key=\"content_repeater.3.description\">\n\t\t\t\t\t\t\u0130stedi\u011finiz lokasyona sorunsuz teslimat.\t\t\t\t\t<\/div>\n\t\t\t\t\n\t\t\t\t\t\t\t<\/div>\n\n\t\t\t\t\t\t\t<div class=\"xts-box-overlay xts-fill\"><\/div>\n\t\t\t\t\t<\/div>\n\n\t\t\t\t\t\t<\/div>\n\t\t\t\t\t\t\t\n\t\t\t\t<div class=\"xts-col elementor-repeater-item-1feb2d1\">\n\t\t\t\t\t\n\t\t<div class=\"xts-infobox xts-textalign-center xts-icon-top\" onclick=\"\">\n\t\t\t\t\t\t\t<div class=\"xts-box-icon-wrapper\">\n\t\t\t\t\t<div class=\"xts-box-icon xts-type-icon xts-size-m\">\n\t\t\t\t\t\t<svg class=\"e-font-icon-svg e-fas-chart-area\" viewBox=\"0 0 512 512\" xmlns=\"http:\/\/www.w3.org\/2000\/svg\"><path d=\"M500 384c6.6 0 12 5.4 12 12v40c0 6.6-5.4 12-12 12H12c-6.6 0-12-5.4-12-12V76c0-6.6 5.4-12 12-12h40c6.6 0 12 5.4 12 12v308h436zM372.7 159.5L288 216l-85.3-113.7c-5.1-6.8-15.5-6.3-19.9 1L96 248v104h384l-89.9-187.8c-3.2-6.5-11.4-8.7-17.4-4.7z\"><\/path><\/svg>\t\t\t\t\t<\/div>\n\t\t\t\t<\/div>\n\t\t\t\n\t\t\t<div class=\"xts-box-content xts-reset-mb-10 xts-reset-all-last\">\n\t\t\t\t\n\t\t\t\t\t\t\t\t\t<h4 class=\"xts-box-title title xts-fontsize-m\" data-elementor-setting-key=\"content_repeater.4.title\">\n\t\t\t\t\t\tMaliyet Avantaj\u0131\t\t\t\t\t<\/h4>\n\t\t\t\t\n\t\t\t\t\t\t\t\t\t<div class=\"xts-box-desc\" data-elementor-setting-key=\"content_repeater.4.description\">\n\t\t\t\t\t\tStratejik ortakl\u0131klar sayesinde rekabet\u00e7i fiyatlar.\t\t\t\t\t<\/div>\n\t\t\t\t\n\t\t\t\t\t\t\t<\/div>\n\n\t\t\t\t\t\t\t<div class=\"xts-box-overlay xts-fill\"><\/div>\n\t\t\t\t\t<\/div>\n\n\t\t\t\t\t\t<\/div>\n\t\t\t\t\t<\/div>\n\n\t\t\t\t\t\t<\/div>\n\t\t\t\t<\/div>\n\t\t\t\t\t<\/div>\n\t\t\t\t<\/div>\n\t\t<div class=\"xts-negative-gap elementor-element elementor-element-f88e024 e-flex e-con-boxed xts-section-disabled e-con e-parent\" data-id=\"f88e024\" data-element_type=\"container\">\n\t\t\t\t\t<div class=\"e-con-inner\">\n\t\t\t\t<div class=\"elementor-element elementor-element-7a7b49e elementor-widget elementor-widget-spacer\" data-id=\"7a7b49e\" data-element_type=\"widget\" data-widget_type=\"spacer.default\">\n\t\t\t\t<div class=\"elementor-widget-container\">\n\t\t\t\t\t\t\t<div class=\"elementor-spacer\">\n\t\t\t<div class=\"elementor-spacer-inner\"><\/div>\n\t\t<\/div>\n\t\t\t\t\t\t<\/div>\n\t\t\t\t<\/div>\n\t\t\t\t\t<\/div>\n\t\t\t\t<\/div>\n\t\t<div class=\"xts-negative-gap elementor-element elementor-element-b0c2e2b e-flex e-con-boxed xts-section-disabled e-con e-parent\" data-id=\"b0c2e2b\" data-element_type=\"container\">\n\t\t\t\t\t<div class=\"e-con-inner\">\n\t\t\t\t<div class=\"elementor-element elementor-element-9468dbe elementor-widget elementor-widget-heading\" data-id=\"9468dbe\" data-element_type=\"widget\" data-widget_type=\"heading.default\">\n\t\t\t\t<div class=\"elementor-widget-container\">\n\t\t\t\t\t<h4 class=\"elementor-heading-title elementor-size-default\">Neden Bizi Tercih Etmelisiniz?<\/h4>\t\t\t\t<\/div>\n\t\t\t\t<\/div>\n\t\t\t\t\t<\/div>\n\t\t\t\t<\/div>\n\t\t<div class=\"xts-negative-gap elementor-element elementor-element-88da7ed e-flex e-con-boxed xts-section-disabled e-con e-parent\" data-id=\"88da7ed\" data-element_type=\"container\">\n\t\t\t\t\t<div class=\"e-con-inner\">\n\t\t\t\t<div class=\"elementor-element elementor-element-d288505 elementor-widget elementor-widget-spacer\" data-id=\"d288505\" data-element_type=\"widget\" data-widget_type=\"spacer.default\">\n\t\t\t\t<div class=\"elementor-widget-container\">\n\t\t\t\t\t\t\t<div class=\"elementor-spacer\">\n\t\t\t<div class=\"elementor-spacer-inner\"><\/div>\n\t\t<\/div>\n\t\t\t\t\t\t<\/div>\n\t\t\t\t<\/div>\n\t\t\t\t\t<\/div>\n\t\t\t\t<\/div>\n\t\t<div class=\"xts-negative-gap elementor-element elementor-element-22b0cbb e-flex e-con-boxed xts-section-disabled e-con e-parent\" data-id=\"22b0cbb\" data-element_type=\"container\">\n\t\t\t\t\t<div class=\"e-con-inner\">\n\t\t\t\t<div class=\"elementor-element elementor-element-2e15c89 xts-scheme-inherit xts-textalign-inherit elementor-widget elementor-widget-text-editor\" data-id=\"2e15c89\" data-element_type=\"widget\" data-widget_type=\"text-editor.default\">\n\t\t\t\t<div class=\"elementor-widget-container\">\n\t\t\t\t\t\t\t\t\t<ul><li>Derin piyasa uzmanl\u0131\u011f\u0131.<\/li><li>\u015eeffaf ileti\u015fim ve d\u00fczenli g\u00fcncellemeler.<\/li><li>Etik ve s\u00fcrd\u00fcr\u00fclebilir tedarik uygulamalar\u0131na ba\u011fl\u0131l\u0131k.<\/li><li>Kan\u0131tlanm\u0131\u015f m\u00fc\u015fteri memnuniyeti ge\u00e7mi\u015fi.<\/li><\/ul><p>Tedarik s\u00fcrecinizi kolayla\u015ft\u0131rmam\u0131za izin verin, siz i\u015finizi b\u00fcy\u00fctmeye odaklan\u0131n. G\u00fcvenilir ve etkili bir tedarik zinciri \u00e7\u00f6z\u00fcm\u00fc i\u00e7in bizimle \u00e7al\u0131\u015f\u0131n.<\/p>\t\t\t\t\t\t\t\t<\/div>\n\t\t\t\t<\/div>\n\t\t\t\t\t<\/div>\n\t\t\t\t<\/div>\n\t\t\t\t<\/div>\n\t\t","protected":false},"excerpt":{"rendered":"<p>G\u00fcvenilir Tedarik ile Global \u00c7\u00f6z\u00fcmler AtaBridge olarak, i\u015fletmenizi d\u00fcnya \u00e7ap\u0131ndaki g\u00fcvenilir tedarik\u00e7ilerle bulu\u015fturma konusunda uzman\u0131z. \u00dcr\u00fcn tedariki, kalite kontrol ve lojistik alan\u0131ndaki deneyimimizle, ihtiya\u00e7lar\u0131n\u0131za \u00f6zel \u00e7\u00f6z\u00fcmler sunuyoruz. Sundu\u011fumuz Hizmetler: Kapsaml\u0131 Tedarik Geni\u015f \u00fcretici ve tedarik\u00e7i a\u011f\u0131m\u0131za eri\u015fim. Kalite G\u00fcvencesi Standartlara uygun titiz denetimler. \u00d6zel \u00c7\u00f6z\u00fcmler Hedeflerinize uygun tedarik stratejileri. Lojistik Y\u00f6netimi \u0130stedi\u011finiz lokasyona sorunsuz teslimat. [&hellip;]<\/p>\n","protected":false},"author":2,"featured_media":0,"parent":0,"menu_order":0,"comment_status":"closed","ping_status":"closed","template":"","meta":{"footnotes":""},"class_list":["post-6575","page","type-page","status-publish","hentry"],"_links":{"self":[{"href":"https:\/\/atabridge.com\/index.php?rest_route=\/wp\/v2\/pages\/6575","targetHints":{"allow":["GET"]}}],"collection":[{"href":"https:\/\/atabridge.com\/index.php?rest_route=\/wp\/v2\/pages"}],"about":[{"href":"https:\/\/atabridge.com\/index.php?rest_route=\/wp\/v2\/types\/page"}],"author":[{"embeddable":true,"href":"https:\/\/atabridge.com\/index.php?rest_route=\/wp\/v2\/users\/2"}],"replies":[{"embeddable":true,"href":"https:\/\/atabridge.com\/index.php?rest_route=%2Fwp%2Fv2%2Fcomments&post=6575"}],"version-history":[{"count":10,"href":"https:\/\/atabridge.com\/index.php?rest_route=\/wp\/v2\/pages\/6575\/revisions"}],"predecessor-version":[{"id":6585,"href":"https:\/\/atabridge.com\/index.php?rest_route=\/wp\/v2\/pages\/6575\/revisions\/6585"}],"wp:attachment":[{"href":"https:\/\/atabridge.com\/index.php?rest_route=%2Fwp%2Fv2%2Fmedia&parent=6575"}],"curies":[{"name":"wp","href":"https:\/\/api.w.org\/{rel}","templated":true}]}}